{"id":5010,"date":"2019-05-28T06:29:33","date_gmt":"2019-05-28T06:29:33","guid":{"rendered":"https:\/\/www.crictrans.ro\/dienstleistungen\/"},"modified":"2019-06-11T07:29:59","modified_gmt":"2019-06-11T07:29:59","slug":"dienstleistungen","status":"publish","type":"page","link":"https:\/\/www.crictrans.ro\/de\/dienstleistungen\/","title":{"rendered":"Dienstleistungen"},"content":{"rendered":"<div id='av_section_1' class='avia-section main_color avia-section-default avia-no-border-styling avia-full-stretch avia-bg-style-scroll  avia-builder-el-0  el_before_av_section  avia-builder-el-first   av-minimum-height av-minimum-height-custom av-section-with-video-bg av-section-mobile-video-disabled container_wrap sidebar_right' style='background-repeat: no-repeat; background-image: url(https:\/\/www.crictrans.ro\/wp-content\/uploads\/2019\/02\/servicii-crictrans-oradea1.png);background-attachment: scroll; background-position: center center;  '  data-section-bg-repeat='stretch'  data-section-video-ratio='16:9'><div  data-size='featured'  data-lightbox_size='large'  data-animation='slide'  data-conditional_play=''  data-ids=''  data-video_counter='1'  data-autoplay='false'  data-bg_slider='false'  data-slide_height=''  data-handle=''  data-interval='5'  data-class=' av-section-video-bg'  data-css_id=''  data-scroll_down=''  data-control_layout=''  data-custom_markup=''  data-perma_caption=''  data-autoplay_stopper=''  data-image_attachment=''  data-min_height='0px'  data-default-height='28.666666666667'  class='avia-slideshow avia-slideshow-1  av-default-height-applied avia-slideshow-featured   av-section-video-bg avia-slide-slider '  itemprop=\"ImageObject\" itemscope=\"itemscope\" itemtype=\"https:\/\/schema.org\/ImageObject\" ><ul class='avia-slideshow-inner ' style='padding-bottom: 28.666666666667%;' ><li  data-controls='disabled' data-mute='1' data-loop='1' data-disable-autoplay=''  data-video-ratio='3.4883720930233' class=' av-video-slide  av-video-service-youtube  av-hide-video-controls av-mute-video av-loop-video av-single-slide slide-1 ' ><div data-rel='slideshow-1' class='avia-slide-wrap '   ><div class='av-click-overlay'><\/div><div class='mejs-mediaelement'><div height='1600' width='900' class='av_youtube_frame' id='player_5010_75050818_1309662303'  data-autoplay='0'  data-videoid='Vi8t_D6EFJM'  data-hd='1'  data-rel='0'  data-wmode='opaque'  data-playlist='player_5010_75050818_1309662303'  data-loop='0'  data-version='3'  data-autohide='1'  data-color='white'  data-controls='0'  data-showinfo='0'  data-iv_load_policy='3'  data-original_url='https:\/\/youtu.be\/Vi8t_D6EFJM' ><\/div><\/div><div class='av-click-to-play-overlay'><div class=\"avia_playpause_icon\"><\/div><\/div><\/div><\/li><\/ul><\/div><div class='container' style='height:450px'><main  role=\"main\" itemprop=\"mainContentOfPage\"  class='template-page content  av-content-small alpha units'><div class='post-entry post-entry-type-page post-entry-5010'><div class='entry-content-wrapper clearfix'>\n<\/div><\/div><\/main><!-- close content main element --><\/div><\/div><div id='av_section_2' class='avia-section main_color avia-section-default avia-no-shadow avia-bg-style-scroll  avia-builder-el-1  el_after_av_section  el_before_av_section   container_wrap sidebar_right' style=' '  ><div class='container' ><div class='template-page content  av-content-small alpha units'><div class='post-entry post-entry-type-page post-entry-5010'><div class='entry-content-wrapper clearfix'>\n<div class=\"flex_column av_one_fifth  flex_column_div av-zero-column-padding first  avia-builder-el-2  el_before_av_three_fifth  avia-builder-el-first  \" style='border-radius:0px; '><\/div><div class=\"flex_column av_three_fifth  flex_column_div av-zero-column-padding   avia-builder-el-3  el_after_av_one_fifth  el_before_av_one_fifth  \" style='border-radius:0px; '><section class=\"av_textblock_section \"  itemscope=\"itemscope\" itemtype=\"https:\/\/schema.org\/CreativeWork\" ><div class='avia_textblock  '   itemprop=\"text\" ><p style=\"text-align: center;\"><strong>Unsere Gesellschaft bietet vollst\u00e4ndige Transportdienstleistungen! Schnelle und perfekt optimierte Dienstleistungen f\u00fcr jegliche Routen oder Warenarten.<\/strong><\/p>\n<\/div><\/section><br \/>\n<div  class='hr hr-short hr-center   avia-builder-el-5  el_after_av_textblock  avia-builder-el-last '><span class='hr-inner ' ><span class='hr-inner-style'><\/span><\/span><\/div><\/p><\/div><div class=\"flex_column av_one_fifth  flex_column_div av-zero-column-padding   avia-builder-el-6  el_after_av_three_fifth  el_before_av_one_half  \" style='border-radius:0px; '><\/div><div class=\"flex_column av_one_half  flex_column_div av-zero-column-padding first  avia-builder-el-7  el_after_av_one_fifth  el_before_av_one_half  column-top-margin\" style='border-radius:0px; '><p><div class='avia-image-container  av-styling-    avia-builder-el-8  el_before_av_hr  avia-builder-el-first  avia-align-center '  itemprop=\"ImageObject\" itemscope=\"itemscope\" itemtype=\"https:\/\/schema.org\/ImageObject\"  ><div class='avia-image-container-inner'><div class='avia-image-overlay-wrap'><img class='avia_image' src='https:\/\/www.crictrans.ro\/wp-content\/uploads\/2019\/02\/crossdoking-845x684.png' alt='' title='CricTrans' height=\"684\" width=\"845\"  itemprop=\"thumbnailUrl\"  \/><\/div><\/div><\/div><br \/>\n<div  class='hr hr-short hr-center   avia-builder-el-9  el_after_av_image  el_before_av_textblock '><span class='hr-inner ' ><span class='hr-inner-style'><\/span><\/span><\/div><br \/>\n<section class=\"av_textblock_section \"  itemscope=\"itemscope\" itemtype=\"https:\/\/schema.org\/CreativeWork\" ><div class='avia_textblock  '   itemprop=\"text\" ><p><strong>Cross-Cocking<\/strong><\/p>\n<p>Unsere F\u00e4higkeit den Kunden Cross- Docking Dienste anzubieten, erbringt den Kunden bedeutende Einsparungen bei der Warenlagerung, verk\u00fcrzt die Lieferzeiten und mindert die Risiken.<\/p>\n<p>Wir sichern operativen Inbound und Outbound ihrer Waren, schnelle Verteilung mit der eigenen Flotte oder mittels unserer Partner.<\/p>\n<p>Zur schnellen Verteilung werden unseren Kunden mit Telematik ausgestattete Fahrzeuge, mit Kapazit\u00e4ten von 100 Kg bis 3,5 Tonnen und einer CMR Versicherung in H\u00f6he von 1.5 Millionen Euro, zur Verf\u00fcgung gestellt.<\/p>\n<\/div><\/section><\/p><\/div><div class=\"flex_column av_one_half  flex_column_div av-zero-column-padding   avia-builder-el-11  el_after_av_one_half  el_before_av_hr  column-top-margin\" style='border-radius:0px; '><p><div class='avia-image-container  av-styling-    avia-builder-el-12  el_before_av_hr  avia-builder-el-first  avia-align-center '  itemprop=\"ImageObject\" itemscope=\"itemscope\" itemtype=\"https:\/\/schema.org\/ImageObject\"  ><div class='avia-image-container-inner'><div class='avia-image-overlay-wrap'><img class='avia_image' src='https:\/\/www.crictrans.ro\/wp-content\/uploads\/2018\/10\/shutterstock_447486787-845x684.jpg' alt='' title='CricTrans Gallery' height=\"684\" width=\"845\"  itemprop=\"thumbnailUrl\"  \/><\/div><\/div><\/div><br \/>\n<div  class='hr hr-short hr-center   avia-builder-el-13  el_after_av_image  el_before_av_textblock '><span class='hr-inner ' ><span class='hr-inner-style'><\/span><\/span><\/div><br \/>\n<section class=\"av_textblock_section \"  itemscope=\"itemscope\" itemtype=\"https:\/\/schema.org\/CreativeWork\" ><div class='avia_textblock  '   itemprop=\"text\" ><p><strong>Intermodale oder multimodale Warentransporte<\/strong><\/p>\n<p>CricTrans betrachtet sich als ein Pionier in der Nische des internationalen intermodalen Transportbereiches \u2013 gleichfalls im Stra\u00dfen\u2013 wie auch im Eisenbahnverkehr, wobei die M\u00f6glichkeit besteht einschlie\u00dflich multimodale Transportrouten im Stra\u00dfen \u2013 Bahn \u2013 Schiff \u2013 Luftverkehr Cargo anzubieten.<\/p>\n<p>Diese Transportart bietet die wirksamste Kombination, da die Ausfallzeiten optimiert werden. Wir verwenden zwei oder mehrere Transportarten. Die G\u00fcter werden mit den LKWs bis zum Schiff transportiert und bei dem Empf\u00e4ngerort des Schiffes werden sie erneut auf LKWs oder Cargo Flugzeuge umgeladen.<\/p>\n<\/div><\/section><\/p><\/div><div  class='hr hr-short hr-center   avia-builder-el-15  el_after_av_one_half  el_before_av_one_half '><span class='hr-inner ' ><span class='hr-inner-style'><\/span><\/span><\/div>\n<div class=\"flex_column av_one_half  flex_column_div av-zero-column-padding first  avia-builder-el-16  el_after_av_hr  el_before_av_one_half  \" style='border-radius:0px; '><p><div class='avia-image-container  av-styling-    avia-builder-el-17  el_before_av_hr  avia-builder-el-first  avia-align-center '  itemprop=\"ImageObject\" itemscope=\"itemscope\" itemtype=\"https:\/\/schema.org\/ImageObject\"  ><div class='avia-image-container-inner'><div class='avia-image-overlay-wrap'><img class='avia_image' src='https:\/\/www.crictrans.ro\/wp-content\/uploads\/2018\/10\/shutterstock_224960197-845x684.jpg' alt='' title='CricTrans Gallery' height=\"684\" width=\"845\"  itemprop=\"thumbnailUrl\"  \/><\/div><\/div><\/div><br \/>\n<div  class='hr hr-short hr-center   avia-builder-el-18  el_after_av_image  el_before_av_textblock '><span class='hr-inner ' ><span class='hr-inner-style'><\/span><\/span><\/div><br \/>\n<section class=\"av_textblock_section \"  itemscope=\"itemscope\" itemtype=\"https:\/\/schema.org\/CreativeWork\" ><div class='avia_textblock  '   itemprop=\"text\" ><p><strong>Industriewarentransport<\/strong><\/p>\n<p>Unabh\u00e4ngig von Art, Abmessung, Gr\u00f6\u00dfe und Gewicht der Ware, durch den Industriewarentransportdienst passen wir uns einwandfrei ihren Logistischen Anspr\u00fcchen an. Der Transport von Sch\u00fcttgut, Ausr\u00fcstungen und vieles andere erfolgt mit unseren eigenen LKWs die gem\u00e4\u00df den europ\u00e4ischen Normen zertifiziert sind.<\/p>\n<\/div><\/section><\/p><\/div><div class=\"flex_column av_one_half  flex_column_div av-zero-column-padding   avia-builder-el-20  el_after_av_one_half  el_before_av_one_half  \" style='border-radius:0px; '><p><div class='avia-image-container  av-styling-    avia-builder-el-21  el_before_av_hr  avia-builder-el-first  avia-align-center '  itemprop=\"ImageObject\" itemscope=\"itemscope\" itemtype=\"https:\/\/schema.org\/ImageObject\"  ><div class='avia-image-container-inner'><div class='avia-image-overlay-wrap'><img class='avia_image' src='https:\/\/www.crictrans.ro\/wp-content\/uploads\/2018\/10\/contact_shutterstock_301750778-845x684.jpg' alt='' title='Crictrans Gallery' height=\"684\" width=\"845\"  itemprop=\"thumbnailUrl\"  \/><\/div><\/div><\/div><br \/>\n<div  class='hr hr-short hr-center   avia-builder-el-22  el_after_av_image  el_before_av_textblock '><span class='hr-inner ' ><span class='hr-inner-style'><\/span><\/span><\/div><br \/>\n<section class=\"av_textblock_section \"  itemscope=\"itemscope\" itemtype=\"https:\/\/schema.org\/CreativeWork\" ><div class='avia_textblock  '   itemprop=\"text\" ><p><strong>Allgemeiner Warentransport<\/strong><\/p>\n<p>Unsere LKWs transportieren schnell und umgehend alle Arten allgemeiner Waren: Ausr\u00fcstungen, IT Anlagen, Baumaterialien, Textilien usw. Die Kundeorientierung stand immer in der Mitte unserer Aufmerksamkeit, wobei wir immer Optimierungsl\u00f6sungen im Transportsystem verfolgen.<\/p>\n\n<\/div><\/section><\/p><\/div><div class=\"flex_column av_one_half  flex_column_div av-zero-column-padding first  avia-builder-el-24  el_after_av_one_half  el_before_av_one_half  column-top-margin\" style='border-radius:0px; '><p><div class='avia-image-container  av-styling-    avia-builder-el-25  el_before_av_hr  avia-builder-el-first  avia-align-center '  itemprop=\"ImageObject\" itemscope=\"itemscope\" itemtype=\"https:\/\/schema.org\/ImageObject\"  ><div class='avia-image-container-inner'><div class='avia-image-overlay-wrap'><img class='avia_image' src='https:\/\/www.crictrans.ro\/wp-content\/uploads\/2019\/02\/Crictrans-Oradea-transport-marfuri-vrac-europa-1.jpg' alt='' title='Crictrans-Oradea-transport-marfuri-vrac-europa' height=\"684\" width=\"845\"  itemprop=\"thumbnailUrl\"  \/><\/div><\/div><\/div><br \/>\n<div  class='hr hr-short hr-center   avia-builder-el-26  el_after_av_image  el_before_av_textblock '><span class='hr-inner ' ><span class='hr-inner-style'><\/span><\/span><\/div><br \/>\n<section class=\"av_textblock_section \"  itemscope=\"itemscope\" itemtype=\"https:\/\/schema.org\/CreativeWork\" ><div class='avia_textblock  '   itemprop=\"text\" ><p><strong>Sch\u00fcttguttransport<\/strong><\/p>\n<p>Unsere Fahrzeuge sind im Einvernehmen mit der europ\u00e4ischen Gesetzgebung zugelassen und erlauben den schnellen Transport von Sch\u00fcttgutwaren in sicheren Bedingungen. Wir gew\u00e4hren h\u00f6chste Bedeutung der Sicherheit der Waren, der Aufrechterhaltung der Sicherheitsnormen und des Umweltschutzes, w\u00e4hrend der gesamten Dauer des Transportes.<\/p>\n<\/div><\/section><\/p><\/div><div class=\"flex_column av_one_half  flex_column_div av-zero-column-padding   avia-builder-el-28  el_after_av_one_half  el_before_av_one_half  column-top-margin\" style='border-radius:0px; '><p><div class='avia-image-container  av-styling-    avia-builder-el-29  el_before_av_hr  avia-builder-el-first  avia-align-center '  itemprop=\"ImageObject\" itemscope=\"itemscope\" itemtype=\"https:\/\/schema.org\/ImageObject\"  ><div class='avia-image-container-inner'><div class='avia-image-overlay-wrap'><img class='avia_image' src='https:\/\/www.crictrans.ro\/wp-content\/uploads\/2018\/10\/shutterstock_1043239300-845x684.jpg' alt='' title='CricTrans Gallery' height=\"684\" width=\"845\"  itemprop=\"thumbnailUrl\"  \/><\/div><\/div><\/div><br \/>\n<div  class='hr hr-short hr-center   avia-builder-el-30  el_after_av_image  el_before_av_textblock '><span class='hr-inner ' ><span class='hr-inner-style'><\/span><\/span><\/div><br \/>\n<section class=\"av_textblock_section \"  itemscope=\"itemscope\" itemtype=\"https:\/\/schema.org\/CreativeWork\" ><div class='avia_textblock  '   itemprop=\"text\" ><p><strong>Sammelgutdienstleistungen<\/strong><\/p>\n<p>Als eine Erg\u00e4nzung der Cross-Docking-Dienstleistung erm\u00f6glicht das Picking und Packing auf Artikelebene die Lieferung der Waren, gem\u00e4\u00df Kundenanspr\u00fcchen unmittelbar den Endkunden. Nach dem Eingang der Waren in den Lagerraum werden sie getrennt: die Picks gem\u00e4\u00df der Kundenvorgaben, die Packs und das Sammelgut auf den Lieferwagen.<\/p>\n<\/div><\/section><\/p><\/div><div class=\"flex_column av_one_half  flex_column_div av-zero-column-padding first  avia-builder-el-32  el_after_av_one_half  avia-builder-el-last  column-top-margin\" style='border-radius:0px; '><p><div class='avia-image-container  av-styling-    avia-builder-el-33  el_before_av_hr  avia-builder-el-first  avia-align-center '  itemprop=\"ImageObject\" itemscope=\"itemscope\" itemtype=\"https:\/\/schema.org\/ImageObject\"  ><div class='avia-image-container-inner'><div class='avia-image-overlay-wrap'><img class='avia_image' src='https:\/\/www.crictrans.ro\/wp-content\/uploads\/2018\/10\/shutterstock_1023035515.jpg' alt='' title='CricTrans Gallery' height=\"1067\" width=\"1600\"  itemprop=\"thumbnailUrl\"  \/><\/div><\/div><\/div><br \/>\n<div  class='hr hr-short hr-center   avia-builder-el-34  el_after_av_image  el_before_av_textblock '><span class='hr-inner ' ><span class='hr-inner-style'><\/span><\/span><\/div><br \/>\n<section class=\"av_textblock_section \"  itemscope=\"itemscope\" itemtype=\"https:\/\/schema.org\/CreativeWork\" ><div class='avia_textblock  '   itemprop=\"text\" ><p><strong>Lagerung der Waren in den Lagerr\u00e4umen der Gesellschaft<\/strong><\/p>\n<p>Unsere Gesellschaft verf\u00fcgt \u00fcber Lager f\u00fcr die Aufbewahrung der Waren in bester Qualit\u00e4ts- und Sicherheitsbedingungen. Die Lagerr\u00e4ume befinden sich in dem Industriepark Euro Business II in der N\u00e4he der Grenze mit Ungarn.<\/p>\n<\/div><\/section><\/p><\/div><\/div><\/div><\/div><!-- close content main div --><\/div><\/div><div id='av_section_3' class='avia-section main_color avia-section-default avia-no-border-styling avia-bg-style-scroll  avia-builder-el-36  el_after_av_section  avia-builder-el-last   container_wrap sidebar_right' style=' '  ><div class='container' ><div class='template-page content  av-content-small alpha units'><div class='post-entry post-entry-type-page post-entry-5010'><div class='entry-content-wrapper clearfix'>\n<div class=\"flex_column av_one_full  flex_column_div av-zero-column-padding first  avia-builder-el-37  avia-builder-el-no-sibling  \" style='border-radius:0px; '><section class=\"av_textblock_section \"  itemscope=\"itemscope\" itemtype=\"https:\/\/schema.org\/CreativeWork\" ><div class='avia_textblock  '   itemprop=\"text\" ><h2><strong>Fotogalerie<\/strong><\/h2>\n<\/div><\/section><br \/>\n<div class='avia-gallery  avia-gallery-1 deactivate_avia_lazyload avia-gallery-animate avia_animate_when_visible  avia-builder-el-39  el_after_av_textblock  avia-builder-el-last '  itemprop=\"ImageObject\" itemscope=\"itemscope\" itemtype=\"https:\/\/schema.org\/ImageObject\" ><div class='avia-gallery-thumb'> <a href='https:\/\/www.crictrans.ro\/wp-content\/uploads\/2019\/02\/Crictrans-galerie-transporturi-oradea1.3-1030x685.jpg' data-rel='gallery-1' data-prev-img='https:\/\/www.crictrans.ro\/wp-content\/uploads\/2019\/02\/Crictrans-galerie-transporturi-oradea1.3-495x400.jpg' class='first_thumb lightbox ' data-onclick='1' title='Cric Trans'  itemprop=\"thumbnailUrl\" ><img data-avia-tooltip='Cric Trans' src='https:\/\/www.crictrans.ro\/wp-content\/uploads\/2019\/02\/Crictrans-galerie-transporturi-oradea1.3-300x200.jpg' width='300' height='200'  title='Crictrans-galerie-transporturi-oradea1.3' alt='' \/><\/a> <a href='https:\/\/www.crictrans.ro\/wp-content\/uploads\/2019\/02\/MPE_3054-1030x688.jpg' data-rel='gallery-1' data-prev-img='https:\/\/www.crictrans.ro\/wp-content\/uploads\/2019\/02\/MPE_3054-495x400.jpg' class='lightbox ' data-onclick='2' title='Cric Trans'  itemprop=\"thumbnailUrl\" ><img data-avia-tooltip='Cric Trans' src='https:\/\/www.crictrans.ro\/wp-content\/uploads\/2019\/02\/MPE_3054-300x200.jpg' width='300' height='200'  title='CricTrans Gallery' alt='' \/><\/a> <a href='https:\/\/www.crictrans.ro\/wp-content\/uploads\/2019\/02\/Crictrans-galerie-transporturi-oradea-1030x685.jpg' data-rel='gallery-1' data-prev-img='https:\/\/www.crictrans.ro\/wp-content\/uploads\/2019\/02\/Crictrans-galerie-transporturi-oradea-495x400.jpg' class='lightbox ' data-onclick='3' title='Cric Trans'  itemprop=\"thumbnailUrl\" ><img data-avia-tooltip='Cric Trans' src='https:\/\/www.crictrans.ro\/wp-content\/uploads\/2019\/02\/Crictrans-galerie-transporturi-oradea-300x200.jpg' width='300' height='200'  title='Crictrans-galerie-transporturi-oradea' alt='' \/><\/a> <a href='https:\/\/www.crictrans.ro\/wp-content\/uploads\/2019\/02\/Crictrans-galerie-transporturi-oradea1.2-1030x685.jpg' data-rel='gallery-1' data-prev-img='https:\/\/www.crictrans.ro\/wp-content\/uploads\/2019\/02\/Crictrans-galerie-transporturi-oradea1.2-495x400.jpg' class='lightbox ' data-onclick='4' title='Cric Trans'  itemprop=\"thumbnailUrl\" ><img data-avia-tooltip='Cric Trans' src='https:\/\/www.crictrans.ro\/wp-content\/uploads\/2019\/02\/Crictrans-galerie-transporturi-oradea1.2-300x200.jpg' width='300' height='200'  title='Crictrans-galerie-transporturi-oradea1.2' alt='' \/><\/a> <a href='https:\/\/www.crictrans.ro\/wp-content\/uploads\/2019\/02\/Crictrans-galerie-transporturi-oradea2-1030x685.jpg' data-rel='gallery-1' data-prev-img='https:\/\/www.crictrans.ro\/wp-content\/uploads\/2019\/02\/Crictrans-galerie-transporturi-oradea2-495x400.jpg' class='lightbox ' data-onclick='5' title='Cric Trans'  itemprop=\"thumbnailUrl\" ><img data-avia-tooltip='Cric Trans' src='https:\/\/www.crictrans.ro\/wp-content\/uploads\/2019\/02\/Crictrans-galerie-transporturi-oradea2-300x200.jpg' width='300' height='200'  title='Crictrans-galerie-transporturi-oradea2' alt='' \/><\/a> <a href='https:\/\/www.crictrans.ro\/wp-content\/uploads\/2019\/02\/Crictrans-galerie-transporturi-oradea1.1-1030x685.jpg' data-rel='gallery-1' data-prev-img='https:\/\/www.crictrans.ro\/wp-content\/uploads\/2019\/02\/Crictrans-galerie-transporturi-oradea1.1-495x400.jpg' class='lightbox ' data-onclick='6' title='Cric Trans'  itemprop=\"thumbnailUrl\" ><img data-avia-tooltip='Cric Trans' src='https:\/\/www.crictrans.ro\/wp-content\/uploads\/2019\/02\/Crictrans-galerie-transporturi-oradea1.1-300x200.jpg' width='300' height='200'  title='Crictrans-galerie-transporturi-oradea1.1' alt='' \/><\/a> <a href='https:\/\/www.crictrans.ro\/wp-content\/uploads\/2019\/02\/Crictrans-galerie-transporturi-oradea3-1030x685.jpg' data-rel='gallery-1' data-prev-img='https:\/\/www.crictrans.ro\/wp-content\/uploads\/2019\/02\/Crictrans-galerie-transporturi-oradea3-495x400.jpg' class='lightbox ' data-onclick='7' title=''  itemprop=\"thumbnailUrl\" ><img  src='https:\/\/www.crictrans.ro\/wp-content\/uploads\/2019\/02\/Crictrans-galerie-transporturi-oradea3-300x200.jpg' width='300' height='200'  title='Crictrans-galerie-transporturi-oradea3' alt='' \/><\/a> <a href='https:\/\/www.crictrans.ro\/wp-content\/uploads\/2019\/02\/MPE_3047-1030x688.jpg' data-rel='gallery-1' data-prev-img='https:\/\/www.crictrans.ro\/wp-content\/uploads\/2019\/02\/MPE_3047-495x400.jpg' class='lightbox ' data-onclick='8' title=''  itemprop=\"thumbnailUrl\" ><img  src='https:\/\/www.crictrans.ro\/wp-content\/uploads\/2019\/02\/MPE_3047-300x200.jpg' width='300' height='200'  title='CricTrans Gallery' alt='' \/><\/a><\/div><\/div><\/p><\/div>\n<\/div><\/div><\/div><!-- close content main div --><\/div><\/div><div id='after_section_3' class='main_color av_default_container_wrap container_wrap sidebar_right' style=' '  ><div class='container' ><div class='template-page content  av-content-small alpha units'><div class='post-entry post-entry-type-page post-entry-5010'><div class='entry-content-wrapper clearfix'><\/p>\n","protected":false},"excerpt":{"rendered":"","protected":false},"author":1,"featured_media":0,"parent":0,"menu_order":0,"comment_status":"closed","ping_status":"closed","template":"","meta":{"footnotes":""},"class_list":["post-5010","page","type-page","status-publish","hentry"],"_links":{"self":[{"href":"https:\/\/www.crictrans.ro\/de\/wp-json\/wp\/v2\/pages\/5010\/"}],"collection":[{"href":"https:\/\/www.crictrans.ro\/de\/wp-json\/wp\/v2\/pages\/"}],"about":[{"href":"https:\/\/www.crictrans.ro\/de\/wp-json\/wp\/v2\/types\/page\/"}],"author":[{"embeddable":true,"href":"https:\/\/www.crictrans.ro\/de\/wp-json\/wp\/v2\/users\/1\/"}],"replies":[{"embeddable":true,"href":"https:\/\/www.crictrans.ro\/de\/wp-json\/wp\/v2\/comments\/?post=5010"}],"version-history":[{"count":3,"href":"https:\/\/www.crictrans.ro\/de\/wp-json\/wp\/v2\/pages\/5010\/revisions\/"}],"predecessor-version":[{"id":5321,"href":"https:\/\/www.crictrans.ro\/de\/wp-json\/wp\/v2\/pages\/5010\/revisions\/5321\/"}],"wp:attachment":[{"href":"https:\/\/www.crictrans.ro\/de\/wp-json\/wp\/v2\/media\/?parent=5010"}],"curies":[{"name":"wp","href":"https:\/\/api.w.org\/{rel}","templated":true}]}}