{"id":5080,"date":"2019-05-28T06:31:35","date_gmt":"2019-05-28T06:31:35","guid":{"rendered":"https:\/\/www.crictrans.ro\/geschaftzsbedingungen-gdpr\/"},"modified":"2019-06-11T08:05:31","modified_gmt":"2019-06-11T08:05:31","slug":"geschaftzsbedingungen-gdpr","status":"publish","type":"page","link":"https:\/\/www.crictrans.ro\/de\/geschaftzsbedingungen-gdpr\/","title":{"rendered":"EU-Datenschutz-Grundverordnung"},"content":{"rendered":"<div id='av_section_1' class='avia-section main_color avia-section-large avia-no-border-styling avia-bg-style-scroll  avia-builder-el-0  avia-builder-el-no-sibling   container_wrap sidebar_right' style=' '  ><div class='container' ><main  role=\"main\" itemprop=\"mainContentOfPage\"  class='template-page content  av-content-small alpha units'><div class='post-entry post-entry-type-page post-entry-5080'><div class='entry-content-wrapper clearfix'>\n<div style='padding-bottom:20px; font-size:40px;' class='av-special-heading av-special-heading-h2  blockquote modern-quote  avia-builder-el-1  el_before_av_hr  avia-builder-el-first  av-inherit-size '><h2 class='av-special-heading-tag '  itemprop=\"headline\"  >EU-Datenschutz-Grundverordnung<\/h2><div class='special-heading-border'><div class='special-heading-inner-border' ><\/div><\/div><\/div>\n<div style=' margin-top:10px; margin-bottom:10px;'  class='hr hr-custom hr-left hr-icon-no   avia-builder-el-2  el_after_av_heading  el_before_av_one_half '><span class='hr-inner   inner-border-av-border-fat' style=' width:50px; border-color:#000000;' ><span class='hr-inner-style'><\/span><\/span><\/div>\n<div class=\"flex_column av_one_half  flex_column_div av-zero-column-padding first  avia-builder-el-3  el_after_av_hr  el_before_av_one_half  \" style='border-radius:0px; '><section class=\"av_textblock_section \"  itemscope=\"itemscope\" itemtype=\"https:\/\/schema.org\/CreativeWork\" ><div class='avia_textblock  '   itemprop=\"text\" ><p>Datenschutzerkl\u00e4rung<\/p>\n<p>SC CRICTRANS SRL, Aurel Ciupe Str. Nr. 6, Oradea, Landkreis Bihor, Steuernummer \/CUI vertreten durch Herrn Cristian Erdei \u2013 Generalmanager, teilen ihnen zur Kenntnis folgende mit:<\/p>\n<ul>\n<li>Wir verwenden keine Personalangaben f\u00fcr die automatisierte Bearbeitung und auch nicht f\u00fcr die Erstellung von Profilen. Wir erteilen nie automatische Beschl\u00fcsse sie betreffend. Wir verwenden technische Mittel f\u00fcr die Aufbewahrung der Angaben in Sicherheit. Wir bearbeiten keine Angaben zu sekund\u00e4ren Zwecken, die mit unseren Zielsetzungen, wof\u00fcr sie eingesammelt wurden, nicht \u00fcbereinstimmend sind.<\/li>\n<li>Die Vertraulichkeit betreffend ihre Angaben wird respektiert und wir sichern strengste Vertraulichkeit, f\u00fcr Angaben die durch verschiedene Einschreibungsformulare zu uns auf der Seite eingehen.<\/li>\n<li>Wir verwenden ein Angebot-Antragsformular nur strengstens f\u00fcr die Einschreibung.<\/li>\n<li>Wir verwenden Google Analytics f\u00fcr die Optimierung und Analyse. Google Analytics verwendet Cookies zur Analyse unserer Besucher.<\/li>\n<\/ul>\n<p>Durch Zugriff auf diese Seite haben wir diese Information zur Kenntnis genommen und voll verstanden.<\/p>\n<\/div><\/section><\/div><div class=\"flex_column av_one_half  flex_column_div av-zero-column-padding   avia-builder-el-5  el_after_av_one_half  avia-builder-el-last  \" style='border-radius:0px; '><section class=\"av_textblock_section \"  itemscope=\"itemscope\" itemtype=\"https:\/\/schema.org\/CreativeWork\" ><div class='avia_textblock  '   itemprop=\"text\" ><p><strong>Sammlungspolitik der Cookie-s<\/strong><\/p>\n<p>Diese Seite verwendet Cookies f\u00fcr die Messung des Verkehrs und Erh\u00f6hung des Inhaltes im Verh\u00e4ltnis zu dem Verhalten der Besucher.<\/p>\n<p>Cookie ist eine Datei kleiner Gr\u00f6\u00dfe, bestehend aus Buchstaben und Zahlen, die in dem Computer des Mobilterminals oder anderen Ausr\u00fcstungen eines Benutzers aufbewahrt wird, von dem auf das Internet zugegriffen wird. Das Cookie wird durch den Antrag eines Web-Server an einen Webbrowser installiert. Ein Cookie kann gel\u00f6scht werden indem auf das Men\u00fc und die Einstellungen ihres Browsers, in dem Bereich Cookies zugegriffen wird.<\/p>\n<p>Durch den Zugriff auf diese Seite haben sie dieses Info zur Kenntnis genommen und vollst\u00e4ndig verstanden.<\/p>\n<\/div><\/section><\/div><\/div><\/div><\/main><!-- close content main element --><\/div><\/div><div id='after_section_1' class='main_color av_default_container_wrap container_wrap sidebar_right' style=' '  ><div class='container' ><div class='template-page content  av-content-small alpha units'><div class='post-entry post-entry-type-page post-entry-5080'><div class='entry-content-wrapper clearfix'>\n","protected":false},"excerpt":{"rendered":"","protected":false},"author":1,"featured_media":0,"parent":0,"menu_order":0,"comment_status":"closed","ping_status":"closed","template":"","meta":{"footnotes":""},"class_list":["post-5080","page","type-page","status-publish","hentry"],"_links":{"self":[{"href":"https:\/\/www.crictrans.ro\/de\/wp-json\/wp\/v2\/pages\/5080\/"}],"collection":[{"href":"https:\/\/www.crictrans.ro\/de\/wp-json\/wp\/v2\/pages\/"}],"about":[{"href":"https:\/\/www.crictrans.ro\/de\/wp-json\/wp\/v2\/types\/page\/"}],"author":[{"embeddable":true,"href":"https:\/\/www.crictrans.ro\/de\/wp-json\/wp\/v2\/users\/1\/"}],"replies":[{"embeddable":true,"href":"https:\/\/www.crictrans.ro\/de\/wp-json\/wp\/v2\/comments\/?post=5080"}],"version-history":[{"count":5,"href":"https:\/\/www.crictrans.ro\/de\/wp-json\/wp\/v2\/pages\/5080\/revisions\/"}],"predecessor-version":[{"id":5332,"href":"https:\/\/www.crictrans.ro\/de\/wp-json\/wp\/v2\/pages\/5080\/revisions\/5332\/"}],"wp:attachment":[{"href":"https:\/\/www.crictrans.ro\/de\/wp-json\/wp\/v2\/media\/?parent=5080"}],"curies":[{"name":"wp","href":"https:\/\/api.w.org\/{rel}","templated":true}]}}