{"id":5082,"date":"2019-05-28T07:07:32","date_gmt":"2019-05-28T07:07:32","guid":{"rendered":"https:\/\/www.crictrans.ro\/anfrage-angebot\/"},"modified":"2019-06-11T07:24:52","modified_gmt":"2019-06-11T07:24:52","slug":"anfrage-angebot","status":"publish","type":"page","link":"https:\/\/www.crictrans.ro\/de\/anfrage-angebot\/","title":{"rendered":"Angebotsanfrage"},"content":{"rendered":"<div id='av_section_1' class='avia-section main_color avia-section-default avia-no-border-styling avia-bg-style-scroll  avia-builder-el-0  el_before_av_textblock  avia-builder-el-first   av-minimum-height av-minimum-height-custom container_wrap sidebar_right' style='background-repeat: no-repeat; background-image: url(https:\/\/www.crictrans.ro\/wp-content\/uploads\/2019\/02\/cerere-oferta-crictrans-romania-transport-oradea22.png);background-attachment: scroll; background-position: top left;  '  data-section-bg-repeat='no-repeat'><div class='container' style='height:470px'><main  role=\"main\" itemprop=\"mainContentOfPage\"  class='template-page content  av-content-small alpha units'><div class='post-entry post-entry-type-page post-entry-5082'><div class='entry-content-wrapper clearfix'><\/div><\/div><\/main><!-- close content main element --><\/div><\/div><div id='after_section_1' class='main_color av_default_container_wrap container_wrap sidebar_right' style=' '  ><div class='container' ><div class='template-page content  av-content-small alpha units'><div class='post-entry post-entry-type-page post-entry-5082'><div class='entry-content-wrapper clearfix'>\n<section class=\"av_textblock_section \"  itemscope=\"itemscope\" itemtype=\"https:\/\/schema.org\/CreativeWork\" ><div class='avia_textblock  '   itemprop=\"text\" ><p style=\"text-align: center;\"><strong>W\u00e4hle die Dienste die du w\u00fcnschst und f\u00fclle das Formular weiter unten aus um in k\u00fcrzester Zeit das beste Preisangebot zu empfangen!<\/strong><\/p>\n<\/div><\/section>\n<\/div><\/div><\/div><!-- close content main div --><\/div><\/div><div id='cerere-oferta' class='avia-section main_color avia-section-huge avia-no-shadow avia-bg-style-fixed  avia-builder-el-2  el_after_av_textblock  el_before_av_section   container_wrap sidebar_right' style='background-color: #fcfcfc;  '  ><div class='container' ><div class='template-page content  av-content-small alpha units'><div class='post-entry post-entry-type-page post-entry-5082'><div class='entry-content-wrapper clearfix'>\n<div class=\"flex_column av_one_full  av-animated-generic fade-in  flex_column_div av-zero-column-padding first  avia-builder-el-3  avia-builder-el-no-sibling  \" style='border-radius:0px; '><form action=\"https:\/\/www.crictrans.ro\/de\/anfrage-angebot\/\" method=\"post\"  class=\"avia_ajax_form av-form-labels-visible   avia-builder-el-4  avia-builder-el-no-sibling   \" data-avia-form-id=\"1\" data-avia-redirect=''><fieldset><h3>Verlange ein Preisangebot <\/h3><p class=' first_form  form_element form_element_half' id='element_avia_1_1'><label for=\"avia_1_1\">Name <abbr class=\"required\" title=\"ben\u00f6tigt\">*<\/abbr><\/label> <input name=\"avia_1_1\" class=\"text_input is_empty\" type=\"text\" id=\"avia_1_1\" value=\"\" \/><\/p><p class=' form_element form_element_half' id='element_avia_2_1'><label for=\"avia_2_1\">Warenbeschreibung<\/label> <input name=\"avia_2_1\" class=\"text_input \" type=\"text\" id=\"avia_2_1\" value=\"\" \/><\/p><p class=' first_form  form_element form_element_half' id='element_avia_3_1'><label for=\"avia_3_1\">Email <abbr class=\"required\" title=\"ben\u00f6tigt\">*<\/abbr><\/label> <input name=\"avia_3_1\" class=\"text_input is_email\" type=\"text\" id=\"avia_3_1\" value=\"\" \/><\/p><p class=' form_element form_element_fourth' id='element_avia_4_1'><label for=\"avia_4_1\">Volumen<\/label> <input name=\"avia_4_1\" class=\"text_input \" type=\"text\" id=\"avia_4_1\" value=\"\" \/><\/p><p class=' form_element form_element_fourth' id='element_avia_5_1'><label for=\"avia_5_1\">Gewicht<\/label> <input name=\"avia_5_1\" class=\"text_input \" type=\"text\" id=\"avia_5_1\" value=\"\" \/><\/p><p class=' first_form  form_element form_element_half' id='element_avia_6_1'><label for=\"avia_6_1\">Telefonnr.<\/label> <input name=\"avia_6_1\" class=\"text_input \" type=\"text\" id=\"avia_6_1\" value=\"\" \/><\/p><p class=' form_element form_element_half' id='element_avia_7_1'><label for=\"avia_7_1\">Eingangsort <\/label> <input name=\"avia_7_1\" class=\"text_input \" type=\"text\" id=\"avia_7_1\" value=\"\" \/><\/p><p class=' first_form  form_element form_element_half' id='element_avia_8_1'><label for=\"avia_8_1\">Empf\u00e4nger <\/label> <input name=\"avia_8_1\" class=\"text_input \" type=\"text\" id=\"avia_8_1\" value=\"\" \/><\/p><p class=' form_element form_element_half' id='element_avia_9_1'><label for=\"avia_9_1\">Entladungsort<\/label> <input name=\"avia_9_1\" class=\"text_input \" type=\"text\" id=\"avia_9_1\" value=\"\" \/><\/p><p class=' first_form  form_element form_fullwidth' id='element_avia_10_1'>\t <label for=\"avia_10_1\" class=\"textare_label hidden textare_label_avia_10_1\">Nachricht<\/label>\t <textarea  name=\"avia_10_1\" class=\"text_area \" cols=\"40\" rows=\"7\" id=\"avia_10_1\" ><\/textarea><\/p><p class=' first_form  form_element form_element_two_third' id='element_avia_11_1'>    <input  name=\"avia_11_1\" class=\"input_checkbox is_empty\" type=\"checkbox\" id=\"avia_11_1\" value=\"true\"\/><label class=\"input_checkbox_label\" for=\"avia_11_1\">Durch Nutzung dieses Formulars sind sie mit der Lagerung und Bearbeitung der von ihnen eingetragenen Angaben, zwecks Bearbeitung ihres Antrages, einverstanden. Des Weiteren haben sie dies zur Kenntnis genommen und sind mit den Nutzungsbedingungen einverstanden. <abbr class=\"required\" title=\"ben\u00f6tigt\">*<\/abbr><\/label><\/p><p class=\"hidden\"><input type=\"text\" name=\"avia_12_1\" class=\"hidden \" id=\"avia_12_1\" value=\"\" \/><\/p><p class='form_element_third' id='element_avia_13_1'>    <span class='value_verifier_label'>1 + 5 = ?<\/span>    <input name=\"avia_13_1_verifier\" type=\"hidden\" id=\"avia_13_1_verifier\" value=\"265872686\"\/><label for=\"avia_13_1\">Bitte l\u00f6se die Gleichung. Diese Ma\u00dfnahme dient der Abwehr von Spam <abbr class=\"required\" title=\"ben\u00f6tigt\">*<\/abbr><\/label>    <input name=\"avia_13_1\" class=\"text_input captcha\" type=\"text\" id=\"avia_13_1\" value=\"\"\/><\/p><p class=\"form_element \"><input type=\"hidden\" value=\"1\" name=\"avia_generated_form1\" \/><input type=\"submit\" value=\"Absenden\" class=\"button\"  data-sending-label=\"Sende\"\/><\/p><\/fieldset><\/form><div id=\"ajaxresponse_1\" class=\"ajaxresponse ajaxresponse_1 hidden\"><\/div><\/div>\n\n<\/div><\/div><\/div><!-- close content main div --><\/div><\/div><div id='av_section_3' class='avia-section main_color avia-section-default avia-no-border-styling avia-bg-style-scroll  avia-builder-el-5  el_after_av_section  el_before_av_section   container_wrap sidebar_right' style='background-color: #ffffff;  '  ><div class='container' ><div class='template-page content  av-content-small alpha units'><div class='post-entry post-entry-type-page post-entry-5082'><div class='entry-content-wrapper clearfix'>\n<div class=\"flex_column av_one_third  flex_column_div av-zero-column-padding first  avia-builder-el-6  el_before_av_one_third  avia-builder-el-first  \" style='border-radius:0px; '><p><div class='avia-image-container  av-styling-no-styling    avia-builder-el-7  el_before_av_textblock  avia-builder-el-first  avia-align-center '  itemprop=\"ImageObject\" itemscope=\"itemscope\" itemtype=\"https:\/\/schema.org\/ImageObject\"  ><div class='avia-image-container-inner'><div class='avia-image-overlay-wrap'><a href='https:\/\/www.crictrans.ro\/de\/dienstleistungen\/' class='avia_image'  ><img class='avia_image ' src='https:\/\/www.crictrans.ro\/wp-content\/uploads\/2018\/10\/shutterstock_301750778-495x400.jpg' alt='' title='CricTrans Gallery'  itemprop=\"thumbnailUrl\"  \/><\/a><\/div><\/div><\/div><br \/>\n<section class=\"av_textblock_section \"  itemscope=\"itemscope\" itemtype=\"https:\/\/schema.org\/CreativeWork\" ><div class='avia_textblock  '   itemprop=\"text\" ><p><strong>Vollst\u00e4ndige Transportdienstleistungen<\/strong><\/p>\n<p>Unsere eigene LKW-Flotte gew\u00e4hrleistet vollst\u00e4ndige, umgehende und professionelle Transportdienstleistungen in Europa. Transport von Sch\u00fcttgut mit Zertifizierung, Fachwaren, besondere Waren und vieles mehr, mit zertifizierten LKW-s.<\/p>\n<\/div><\/section><\/p><\/div><div class=\"flex_column av_one_third  flex_column_div av-zero-column-padding   avia-builder-el-9  el_after_av_one_third  el_before_av_one_third  \" style='border-radius:0px; '><p><div class='avia-image-container  av-styling-no-styling    avia-builder-el-10  el_before_av_textblock  avia-builder-el-first  avia-align-center '  itemprop=\"ImageObject\" itemscope=\"itemscope\" itemtype=\"https:\/\/schema.org\/ImageObject\"  ><div class='avia-image-container-inner'><div class='avia-image-overlay-wrap'><a href='https:\/\/www.crictrans.ro\/de\/dienstleistungen\/' class='avia_image'  ><img class='avia_image ' src='https:\/\/www.crictrans.ro\/wp-content\/uploads\/2018\/10\/shutterstock_1043239300-495x400.jpg' alt='' title='CricTrans Gallery'  itemprop=\"thumbnailUrl\"  \/><\/a><\/div><\/div><\/div><br \/>\n<section class=\"av_textblock_section \"  itemscope=\"itemscope\" itemtype=\"https:\/\/schema.org\/CreativeWork\" ><div class='avia_textblock  '   itemprop=\"text\" ><p><strong>Sammelgutdienstleistungen<\/strong><\/p>\n<p>Als eine Erg\u00e4nzung der Cross-Docking-Dienstleistung erm\u00f6glicht das Picking und Packing auf Artikelebene die Lieferung der Waren, gem\u00e4\u00df Kundenanspr\u00fcchen unmittelbar den Endkunden.<\/p>\n<\/div><\/section><\/p><\/div><div class=\"flex_column av_one_third  flex_column_div av-zero-column-padding   avia-builder-el-12  el_after_av_one_third  avia-builder-el-last  \" style='border-radius:0px; '><p><div class='avia-image-container  av-styling-no-styling    avia-builder-el-13  el_before_av_textblock  avia-builder-el-first  avia-align-center '  itemprop=\"ImageObject\" itemscope=\"itemscope\" itemtype=\"https:\/\/schema.org\/ImageObject\"  ><div class='avia-image-container-inner'><div class='avia-image-overlay-wrap'><a href='https:\/\/www.crictrans.ro\/de\/dienstleistungen\/' class='avia_image'  ><img class='avia_image ' src='https:\/\/www.crictrans.ro\/wp-content\/uploads\/2018\/10\/shutterstock_417640612-495x400.jpg' alt='' title='CricTrans Gallery'  itemprop=\"thumbnailUrl\"  \/><\/a><\/div><\/div><\/div><br \/>\n<section class=\"av_textblock_section \"  itemscope=\"itemscope\" itemtype=\"https:\/\/schema.org\/CreativeWork\" ><div class='avia_textblock  '   itemprop=\"text\" ><p><strong>Cross-Docking<\/strong><\/p>\n<p>Unsere F\u00e4higkeit den Kunden Cross- Docking Dienste anzubieten, erbringt den Kunden bedeutende Einsparungen bei der Warenlagerung, verk\u00fcrzt die Lieferzeiten und mindert die Risiken.<\/p>\n<\/div><\/section><\/p><\/div><\/div><\/div><\/div><!-- close content main div --><\/div><\/div><div id='av_section_4' class='avia-section main_color avia-section-large avia-no-border-styling avia-bg-style-scroll  avia-builder-el-15  el_after_av_section  avia-builder-el-last   container_wrap sidebar_right' style='background-color: #f8f8f8;  '  ><div class='container' ><div class='template-page content  av-content-small alpha units'><div class='post-entry post-entry-type-page post-entry-5082'><div class='entry-content-wrapper clearfix'>\n<div style='padding-bottom:0px; font-size:40px;' class='av-special-heading av-special-heading-h2  blockquote modern-quote modern-centered  avia-builder-el-16  el_before_av_hr  avia-builder-el-first   av-inherit-size '><h2 class='av-special-heading-tag '  itemprop=\"headline\"  >Meinungen unserer Kunden<\/h2><div class='special-heading-border'><div class='special-heading-inner-border' ><\/div><\/div><\/div>\n<div  class='hr hr-short hr-center   avia-builder-el-17  el_after_av_heading  el_before_av_testimonials '><span class='hr-inner ' ><span class='hr-inner-style'><\/span><\/span><\/div>\n<div  data-autoplay='1'  data-interval='5'  data-animation='fade'  data-hoverpause='1'  class='avia-testimonial-wrapper avia-grid-testimonials avia-grid-2-testimonials avia_animate_when_almost_visible  av-minimal-grid-style av-boxed-grid-style '>\n<section class ='avia-testimonial-row'><div class='avia-testimonial av_one_half flex_column no_margin avia-testimonial-row-1 avia-first-testimonial'  itemscope=\"itemscope\" itemtype=\"https:\/\/schema.org\/Person\" ><div class='avia-testimonial_inner'><div class='avia-testimonial-content '    itemscope=\"itemscope\" itemtype=\"https:\/\/schema.org\/CreativeWork\" ><p>CricTrans ist unser zuverl\u00e4ssiger Partner! Es handelt sich um eine wertvolle Gesellschaft mit der wir zahlreiche Vertr\u00e4ge durchgef\u00fchrt und die Waren unserer Kunden in Sicherheit transportiert haben.<\/p>\n<\/div><div class='avia-testimonial-meta'><div class='avia-testimonial-arrow-wrap'><div class='avia-arrow'><\/div><\/div><div class='avia-testimonial-image'  itemprop=\"image\"  style='background-image:url(https:\/\/www.crictrans.ro\/wp-content\/uploads\/2019\/02\/Ferest-Logistics-Crictrans-Partener-Romania-180x180.jpg);'><\/div><div class='avia-testimonial-meta-mini'><strong  class='avia-testimonial-name'    itemprop=\"name\" >Michele Simonini<\/strong><span  class='avia-testimonial-subtitle '    itemprop=\"jobTitle\" >CEO<\/span><span class='hidden avia-testimonial-markup-link'   itemprop=\"url\" >http:\/\/www.ferestlog.it\/en\/<\/span> &ndash; <a class='aviablank avia-testimonial-link' href='http:\/\/www.ferestlog.it\/en\/' >Ferest Logistics<\/a><\/div><\/div><\/div><\/div>\n<div class='avia-testimonial av_one_half flex_column no_margin avia-testimonial-row-1 avia-last-testimonial'  itemscope=\"itemscope\" itemtype=\"https:\/\/schema.org\/Person\" ><div class='avia-testimonial_inner'><div class='avia-testimonial-content '    itemscope=\"itemscope\" itemtype=\"https:\/\/schema.org\/CreativeWork\" ><p>CricTrans versteht genau die Bed\u00fcrfnisse unsrer Gesellschaft im Transportwesen. Sie sind unser Partner mit dem wir in Sicherheit und schnell unsere Lieferungen durchf\u00fchren. Cristian Erdei ist ein sehr guter Businesspartner!\u00a0 Wir freuen uns in Rum\u00e4nien ein sehr gutes Transportunternehmen gefunden zu haben.<\/p>\n<\/div><div class='avia-testimonial-meta'><div class='avia-testimonial-arrow-wrap'><div class='avia-arrow'><\/div><\/div><div class='avia-testimonial-image'  itemprop=\"image\"  style='background-image:url(https:\/\/www.crictrans.ro\/wp-content\/uploads\/2019\/02\/Jerceg-Crictrans-Partener-Romania-180x180.jpg);'><\/div><div class='avia-testimonial-meta-mini'><strong  class='avia-testimonial-name'    itemprop=\"name\" >Adriano Jerceg <\/strong><span  class='avia-testimonial-subtitle '    itemprop=\"jobTitle\" >CEO<\/span><span class='hidden avia-testimonial-markup-link'   itemprop=\"url\" >http:\/\/www.jerceg.com\/en\/<\/span> &ndash; <a class='aviablank avia-testimonial-link' href='http:\/\/www.jerceg.com\/en\/' >Jerceg<\/a><\/div><\/div><\/div><\/div><\/section>\n<section class ='avia-testimonial-row'><div class='avia-testimonial av_one_half flex_column no_margin avia-testimonial-row-2 avia-first-testimonial'  itemscope=\"itemscope\" itemtype=\"https:\/\/schema.org\/Person\" ><div class='avia-testimonial_inner'><div class='avia-testimonial-content '    itemscope=\"itemscope\" itemtype=\"https:\/\/schema.org\/CreativeWork\" ><p>Die deutschen Qualit\u00e4tsnormvorschriften und die Ernsthaftigkeit sind Standards von denen wir bei der Auswahl eines Partners f\u00fcr unsere Transportauftr\u00e4ge ausgehen. Aus dieser Hinsicht ist CricTrans mit einer Schweizer Uhr vergleichbar.<\/p>\n<\/div><div class='avia-testimonial-meta'><div class='avia-testimonial-arrow-wrap'><div class='avia-arrow'><\/div><\/div><div class='avia-testimonial-image'  itemprop=\"image\"  style='background-image:url(https:\/\/www.crictrans.ro\/wp-content\/uploads\/2019\/02\/Almos-Crictrans-Partener-Romania-180x180.jpg);'><\/div><div class='avia-testimonial-meta-mini'><strong  class='avia-testimonial-name'    itemprop=\"name\" >Ioan Riscou<\/strong><span  class='avia-testimonial-subtitle '    itemprop=\"jobTitle\" >Sales Manager<\/span><span class='hidden avia-testimonial-markup-link'   itemprop=\"url\" >https:\/\/www.almos.com\/<\/span> &ndash; <a class='aviablank avia-testimonial-link' href='https:\/\/www.almos.com\/' >Almos<\/a><\/div><\/div><\/div><\/div>\n<div class='avia-testimonial av_one_half flex_column no_margin avia-testimonial-row-2 avia-last-testimonial'  itemscope=\"itemscope\" itemtype=\"https:\/\/schema.org\/Person\" ><div class='avia-testimonial_inner'><div class='avia-testimonial-content '    itemscope=\"itemscope\" itemtype=\"https:\/\/schema.org\/CreativeWork\" ><p>Romstal besitzt eine sehr ausgebreitete Ladenkette. Wir ben\u00f6tigen Partner mit denen wir die rasche und leistungsvolle Logistik f\u00fcr unsere Produkte gew\u00e4hrleisten k\u00f6nnen. CricTrans ist ein Partner mit dem wir es schaffen erfolgreich unsere Logistikziele zu erreichen.<\/p>\n<\/div><div class='avia-testimonial-meta'><div class='avia-testimonial-arrow-wrap'><div class='avia-arrow'><\/div><\/div><div class='avia-testimonial-image'  itemprop=\"image\"  style='background-image:url(https:\/\/www.crictrans.ro\/wp-content\/uploads\/2019\/02\/Romstal-transporturi-Crictrans-Partener-Romania-180x180.jpg);'><\/div><div class='avia-testimonial-meta-mini'><span class='hidden avia-testimonial-markup-link'   itemprop=\"url\" >https:\/\/www.romstal.ro\/<\/span><a class='aviablank avia-testimonial-link' href='https:\/\/www.romstal.ro\/' >Romstal<\/a><\/div><\/div><\/div><\/div><\/section>\n<\/div>\n<\/div><\/div><\/div><!-- close content main div --><\/div><\/div><div id='after_section_4' class='main_color av_default_container_wrap container_wrap sidebar_right' style=' '  ><div class='container' ><div class='template-page content  av-content-small alpha units'><div class='post-entry post-entry-type-page post-entry-5082'><div class='entry-content-wrapper clearfix'><\/p>\n","protected":false},"excerpt":{"rendered":"","protected":false},"author":1,"featured_media":0,"parent":0,"menu_order":0,"comment_status":"closed","ping_status":"closed","template":"","meta":{"footnotes":""},"class_list":["post-5082","page","type-page","status-publish","hentry"],"_links":{"self":[{"href":"https:\/\/www.crictrans.ro\/de\/wp-json\/wp\/v2\/pages\/5082\/"}],"collection":[{"href":"https:\/\/www.crictrans.ro\/de\/wp-json\/wp\/v2\/pages\/"}],"about":[{"href":"https:\/\/www.crictrans.ro\/de\/wp-json\/wp\/v2\/types\/page\/"}],"author":[{"embeddable":true,"href":"https:\/\/www.crictrans.ro\/de\/wp-json\/wp\/v2\/users\/1\/"}],"replies":[{"embeddable":true,"href":"https:\/\/www.crictrans.ro\/de\/wp-json\/wp\/v2\/comments\/?post=5082"}],"version-history":[{"count":9,"href":"https:\/\/www.crictrans.ro\/de\/wp-json\/wp\/v2\/pages\/5082\/revisions\/"}],"predecessor-version":[{"id":5312,"href":"https:\/\/www.crictrans.ro\/de\/wp-json\/wp\/v2\/pages\/5082\/revisions\/5312\/"}],"wp:attachment":[{"href":"https:\/\/www.crictrans.ro\/de\/wp-json\/wp\/v2\/media\/?parent=5082"}],"curies":[{"name":"wp","href":"https:\/\/api.w.org\/{rel}","templated":true}]}}