{"id":5222,"date":"2019-05-28T07:10:06","date_gmt":"2019-05-28T07:10:06","guid":{"rendered":"https:\/\/www.crictrans.ro\/home\/"},"modified":"2019-06-11T07:26:03","modified_gmt":"2019-06-11T07:26:03","slug":"home","status":"publish","type":"page","link":"https:\/\/www.crictrans.ro\/de\/home\/","title":{"rendered":"Home"},"content":{"rendered":"<div id='av-layout-grid-1' class='av-layout-grid-container entry-content-wrapper main_color av-flex-cells    avia-builder-el-0  el_before_av_section  avia-builder-el-first  container_wrap sidebar_right' style=' '  >\n<div class=\"flex_cell no_margin av_one_full  avia-builder-el-1  avia-builder-el-no-sibling   avia-full-stretch \" style='height:470px; min-height:470px;background:url(https:\/\/www.crictrans.ro\/wp-content\/uploads\/2018\/10\/shutterstock_493471480.jpg) center center no-repeat scroll; vertical-align:top; padding:30px; '><div class='flex_cell_inner' ><\/div><\/div>\n<\/div>\n<div id='box-3-col-intro' class='avia-section main_color avia-section-default avia-no-shadow avia-bg-style-scroll  avia-builder-el-2  el_after_av_layout_row  el_before_av_section   container_wrap sidebar_right' style=' '  ><div class='container' ><div class='template-page content  av-content-small alpha units'><div class='post-entry post-entry-type-page post-entry-5222'><div class='entry-content-wrapper clearfix'>\n<div class=\"flex_column av_one_third  flex_column_div av-zero-column-padding first  avia-builder-el-3  el_before_av_one_third  avia-builder-el-first  \" style='border-radius:0px; '><article class=\"iconbox iconbox_left_content    avia-builder-el-4  avia-builder-el-no-sibling  av-icon-style-no-border\"  itemscope=\"itemscope\" itemtype=\"https:\/\/schema.org\/CreativeWork\" ><div class=\"iconbox_icon heading-color  av-medium-font-size-overwrite av-medium-font-size-13\" aria-hidden='true' data-av_icon='\ue8ad' data-av_iconfont='entypo-fontello'  ><\/div><div class=\"iconbox_content\"><header class=\"entry-content-header\"><h3 class='iconbox_content_title  av-medium-font-size-overwrite av-medium-font-size-13'  itemprop=\"headline\"  >Vollst\u00e4ndige Logistikdienstleistungen mit CricTrans<\/h3><\/header><div class='iconbox_content_container  '  itemprop=\"text\"  ><p>Allgemeine Warentransporte, Industrietransporte, Sch\u00fcttguttransporte, Getreidetransporte, Intermodal- und Multimodaltransporte. B\u00fcndelung und Trennung von Sammelgut, Cross-Docking und Warenlagerung.<\/p>\n<\/div><\/div><footer class=\"entry-footer\"><\/footer><\/article><\/div><div class=\"flex_column av_one_third  flex_column_div av-zero-column-padding   avia-builder-el-5  el_after_av_one_third  el_before_av_one_third  \" style='border-radius:0px; '><article class=\"iconbox iconbox_left_content    avia-builder-el-6  avia-builder-el-no-sibling  av-icon-style-no-border\"  itemscope=\"itemscope\" itemtype=\"https:\/\/schema.org\/CreativeWork\" ><div class=\"iconbox_icon heading-color  av-medium-font-size-overwrite av-medium-font-size-13\" aria-hidden='true' data-av_icon='\ue90a' data-av_iconfont='entypo-fontello'  ><\/div><div class=\"iconbox_content\"><header class=\"entry-content-header\"><h3 class='iconbox_content_title  av-medium-font-size-overwrite av-medium-font-size-13'  itemprop=\"headline\"  >B\u00fcndelung und Trennung von Sammelgut<\/h3><\/header><div class='iconbox_content_container  '  itemprop=\"text\"  ><p>Das Picking und Packing auf Artikelebene erm\u00f6glichen die unmittelbare und anforderungsgem\u00e4\u00dfe Lieferung der Waren an den Endkunden.<\/p>\n<\/div><\/div><footer class=\"entry-footer\"><\/footer><\/article><\/div><div class=\"flex_column av_one_third  flex_column_div av-zero-column-padding   avia-builder-el-7  el_after_av_one_third  avia-builder-el-last  \" style='border-radius:0px; '><article class=\"iconbox iconbox_left_content    avia-builder-el-8  avia-builder-el-no-sibling  av-icon-style-no-border\"  itemscope=\"itemscope\" itemtype=\"https:\/\/schema.org\/CreativeWork\" ><div class=\"iconbox_icon heading-color  av-medium-font-size-overwrite av-medium-font-size-13\" aria-hidden='true' data-av_icon='\ue85a' data-av_iconfont='entypo-fontello'  ><\/div><div class=\"iconbox_content\"><header class=\"entry-content-header\"><h3 class='iconbox_content_title  av-medium-font-size-overwrite av-medium-font-size-13'  itemprop=\"headline\"  >Cross-docking<\/h3><\/header><div class='iconbox_content_container  '  itemprop=\"text\"  ><p>Unsere F\u00e4higkeit den Kunden Cross-docking Dienste zu liefern, bringt diesen bedeutende Kosteneinsparungen bei der Lagerung der Waren, verk\u00fcrzt die Lieferzeit und minimiert die Risiken.<\/p>\n<\/div><\/div><footer class=\"entry-footer\"><\/footer><\/article><\/div><\/div><\/div><\/div><!-- close content main div --><\/div><\/div><div id='galerie--servicii-oferite' class='avia-section main_color avia-section-default avia-no-shadow avia-bg-style-scroll  avia-builder-el-9  el_after_av_section  el_before_av_section   container_wrap sidebar_right' style=' '  ><div class='container' ><div class='template-page content  av-content-small alpha units'><div class='post-entry post-entry-type-page post-entry-5222'><div class='entry-content-wrapper clearfix'>\n<div class=\"flex_column av_one_half  flex_column_div av-zero-column-padding first  avia-builder-el-10  el_before_av_one_half  avia-builder-el-first  \" style='border-radius:0px; '><div class='avia-gallery  avia-gallery-1 avia_lazyload avia-gallery-animate avia_animate_when_visible  avia-builder-el-11  avia-builder-el-no-sibling '  itemprop=\"ImageObject\" itemscope=\"itemscope\" itemtype=\"https:\/\/schema.org\/ImageObject\" ><a class='avia-gallery-big fakeLightbox lightbox avia-gallery-big-crop-thumb ' href='https:\/\/www.crictrans.ro\/wp-content\/uploads\/2019\/02\/MPE_3054-1030x688.jpg'  data-onclick='1' title='Cric Trans' ><span class='avia-gallery-big-inner'  itemprop=\"thumbnailUrl\" >\t<img width='845' height='684' src='https:\/\/www.crictrans.ro\/wp-content\/uploads\/2019\/02\/MPE_3054-845x684.jpg' title='CricTrans Gallery' alt='' \/>\t<span class='avia-gallery-caption'>Cric Trans<\/span><\/span><\/a><div class='avia-gallery-thumb'> <a href='https:\/\/www.crictrans.ro\/wp-content\/uploads\/2019\/02\/MPE_3054-1030x688.jpg' data-rel='gallery-1' data-prev-img='https:\/\/www.crictrans.ro\/wp-content\/uploads\/2019\/02\/MPE_3054-845x684.jpg' class='first_thumb lightbox ' data-onclick='1' title='Cric Trans'  itemprop=\"thumbnailUrl\" ><img data-avia-tooltip='Cric Trans' src='https:\/\/www.crictrans.ro\/wp-content\/uploads\/2019\/02\/MPE_3054-495x400.jpg' width='495' height='400'  title='CricTrans Gallery' alt='' \/><\/a> <a href='https:\/\/www.crictrans.ro\/wp-content\/uploads\/2019\/02\/Crictrans-galerie-transporturi-oradea1.2-1030x685.jpg' data-rel='gallery-1' data-prev-img='https:\/\/www.crictrans.ro\/wp-content\/uploads\/2019\/02\/Crictrans-galerie-transporturi-oradea1.2-845x684.jpg' class='lightbox ' data-onclick='2' title='Cric Trans'  itemprop=\"thumbnailUrl\" ><img data-avia-tooltip='Cric Trans' src='https:\/\/www.crictrans.ro\/wp-content\/uploads\/2019\/02\/Crictrans-galerie-transporturi-oradea1.2-495x400.jpg' width='495' height='400'  title='Crictrans-galerie-transporturi-oradea1.2' alt='' \/><\/a> <a href='https:\/\/www.crictrans.ro\/wp-content\/uploads\/2019\/02\/Crictrans-galerie-transporturi-oradea1.1-1030x685.jpg' data-rel='gallery-1' data-prev-img='https:\/\/www.crictrans.ro\/wp-content\/uploads\/2019\/02\/Crictrans-galerie-transporturi-oradea1.1-845x684.jpg' class='lightbox ' data-onclick='3' title='Cric Trans'  itemprop=\"thumbnailUrl\" ><img data-avia-tooltip='Cric Trans' src='https:\/\/www.crictrans.ro\/wp-content\/uploads\/2019\/02\/Crictrans-galerie-transporturi-oradea1.1-495x400.jpg' width='495' height='400'  title='Crictrans-galerie-transporturi-oradea1.1' alt='' \/><\/a> <a href='https:\/\/www.crictrans.ro\/wp-content\/uploads\/2019\/02\/contact-crictrans-romania-oradea-1-1030x685.png' data-rel='gallery-1' data-prev-img='https:\/\/www.crictrans.ro\/wp-content\/uploads\/2019\/02\/contact-crictrans-romania-oradea-1-845x684.png' class='lightbox ' data-onclick='4' title='Cric Trans'  itemprop=\"thumbnailUrl\" ><img data-avia-tooltip='Cric Trans' src='https:\/\/www.crictrans.ro\/wp-content\/uploads\/2019\/02\/contact-crictrans-romania-oradea-1-495x400.png' width='495' height='400'  title='contact-crictrans-romania-oradea' alt='' \/><\/a> <a href='https:\/\/www.crictrans.ro\/wp-content\/uploads\/2019\/02\/Crictrans-galerie-transporturi-oradea2-1030x685.jpg' data-rel='gallery-1' data-prev-img='https:\/\/www.crictrans.ro\/wp-content\/uploads\/2019\/02\/Crictrans-galerie-transporturi-oradea2-845x684.jpg' class='lightbox ' data-onclick='5' title='Cric Trans'  itemprop=\"thumbnailUrl\" ><img data-avia-tooltip='Cric Trans' src='https:\/\/www.crictrans.ro\/wp-content\/uploads\/2019\/02\/Crictrans-galerie-transporturi-oradea2-495x400.jpg' width='495' height='400'  title='Crictrans-galerie-transporturi-oradea2' alt='' \/><\/a> <a href='https:\/\/www.crictrans.ro\/wp-content\/uploads\/2019\/02\/Crictrans-galerie-transporturi-oradea5-1030x685.jpg' data-rel='gallery-1' data-prev-img='https:\/\/www.crictrans.ro\/wp-content\/uploads\/2019\/02\/Crictrans-galerie-transporturi-oradea5-845x684.jpg' class='lightbox ' data-onclick='6' title='Cric Trans'  itemprop=\"thumbnailUrl\" ><img data-avia-tooltip='Cric Trans' src='https:\/\/www.crictrans.ro\/wp-content\/uploads\/2019\/02\/Crictrans-galerie-transporturi-oradea5-495x400.jpg' width='495' height='400'  title='Crictrans-galerie-transporturi-oradea5' alt='' \/><\/a> <a href='https:\/\/www.crictrans.ro\/wp-content\/uploads\/2019\/02\/Crictrans-galerie-transporturi-oradea1.3-1030x685.jpg' data-rel='gallery-1' data-prev-img='https:\/\/www.crictrans.ro\/wp-content\/uploads\/2019\/02\/Crictrans-galerie-transporturi-oradea1.3-845x684.jpg' class='lightbox ' data-onclick='7' title='Cric Trans'  itemprop=\"thumbnailUrl\" ><img data-avia-tooltip='Cric Trans' src='https:\/\/www.crictrans.ro\/wp-content\/uploads\/2019\/02\/Crictrans-galerie-transporturi-oradea1.3-495x400.jpg' width='495' height='400'  title='Crictrans-galerie-transporturi-oradea1.3' alt='' \/><\/a> <a href='https:\/\/www.crictrans.ro\/wp-content\/uploads\/2018\/10\/shutterstock_1023035515-1030x687.jpg' data-rel='gallery-1' data-prev-img='https:\/\/www.crictrans.ro\/wp-content\/uploads\/2018\/10\/shutterstock_1023035515-845x684.jpg' class='lightbox ' data-onclick='8' title='CricTrans Gallery'  itemprop=\"thumbnailUrl\" ><img data-avia-tooltip='CricTrans Gallery' src='https:\/\/www.crictrans.ro\/wp-content\/uploads\/2018\/10\/shutterstock_1023035515-495x400.jpg' width='495' height='400'  title='CricTrans Gallery' alt='' \/><\/a> <a href='https:\/\/www.crictrans.ro\/wp-content\/uploads\/2019\/02\/Crictrans-galerie-transporturi-oradea21-1030x685.png' data-rel='gallery-1' data-prev-img='https:\/\/www.crictrans.ro\/wp-content\/uploads\/2019\/02\/Crictrans-galerie-transporturi-oradea21-845x684.png' class='first_thumb lightbox ' data-onclick='9' title='Cric Trans'  itemprop=\"thumbnailUrl\" ><img data-avia-tooltip='Cric Trans' src='https:\/\/www.crictrans.ro\/wp-content\/uploads\/2019\/02\/Crictrans-galerie-transporturi-oradea21-495x400.png' width='495' height='400'  title='Crictrans-galerie-transporturi-oradea21' alt='' \/><\/a><\/div><\/div><\/div><div class=\"flex_column av_one_half  flex_column_div av-zero-column-padding   avia-builder-el-12  el_after_av_one_half  avia-builder-el-last  \" style='border-radius:0px; '><section class=\"av_textblock_section \"  itemscope=\"itemscope\" itemtype=\"https:\/\/schema.org\/CreativeWork\" ><div class='avia_textblock  '   itemprop=\"text\" ><h2><strong>Dienstleistungen <\/strong><\/h2>\n<\/div><\/section><br \/>\n<div  class='hr hr-short hr-left   avia-builder-el-14  el_after_av_textblock  el_before_av_textblock '><span class='hr-inner ' ><span class='hr-inner-style'><\/span><\/span><\/div><br \/>\n<section class=\"av_textblock_section \"  itemscope=\"itemscope\" itemtype=\"https:\/\/schema.org\/CreativeWork\" ><div class='avia_textblock  '   itemprop=\"text\" ><p>Vollst\u00e4ndige, schnelle und f\u00fcr jegliche Ware oder Transportart optimierte Logistikdienstleistungen!<\/p>\n<ul>\n<li>\u00a0Transport von allgemeinen Waren<\/li>\n<li>Transport von Industriewaren<\/li>\n<li>Transport von Sch\u00fcttgut<\/li>\n<li>Intermodale und Multimodale Warentransporte<\/li>\n<li>B\u00fcndelung und Trennung von Sammelgut<\/li>\n<li>Cross-Docking (Kreuzverkupplung)<\/li>\n<li>Lagerung von Waren in den Lagerr\u00e4umen der Gesellschaft<\/li>\n<\/ul>\n<\/div><\/section><br \/>\n<div class='avia-button-wrap avia-button-left  avia-builder-el-16  el_after_av_textblock  el_before_av_hr '><a href='https:\/\/www.crictrans.ro\/de\/dienstleistungen\/'  class='avia-button   avia-icon_select-yes-left-icon avia-color-theme-color-subtle avia-size-small avia-position-left '   ><span class='avia_button_icon avia_button_icon_left ' aria-hidden='true' data-av_icon='\ue81f' data-av_iconfont='entypo-fontello'><\/span><span class='avia_iconbox_title' >Mehr...<\/span><\/a><\/div><br \/>\n<div  class='hr hr-short hr-left   avia-builder-el-17  el_after_av_button  avia-builder-el-last '><span class='hr-inner ' ><span class='hr-inner-style'><\/span><\/span><\/div><\/p><\/div>\n<\/p>\n<\/div><\/div><\/div><!-- close content main div --><\/div><\/div><div id='despre-crictrans--lista-logistica' class='avia-section main_color avia-section-default avia-no-shadow avia-bg-style-scroll  avia-builder-el-18  el_after_av_section  el_before_av_layout_row   container_wrap sidebar_right' style=' '  ><div class='container' ><div class='template-page content  av-content-small alpha units'><div class='post-entry post-entry-type-page post-entry-5222'><div class='entry-content-wrapper clearfix'>\n<div class=\"flex_column av_one_half  flex_column_div av-zero-column-padding first  avia-builder-el-19  el_before_av_one_half  avia-builder-el-first  \" style='border-radius:0px; '><p><section class=\"av_textblock_section \"  itemscope=\"itemscope\" itemtype=\"https:\/\/schema.org\/CreativeWork\" ><div class='avia_textblock  '   itemprop=\"text\" ><p><strong>\u00dcber CricTrans<\/strong><\/p>\n<\/div><\/section><br \/>\n<div  class='hr hr-short hr-right   avia-builder-el-21  el_after_av_textblock  el_before_av_textblock '><span class='hr-inner ' ><span class='hr-inner-style'><\/span><\/span><\/div><br \/>\n<section class=\"av_textblock_section \"  itemscope=\"itemscope\" itemtype=\"https:\/\/schema.org\/CreativeWork\" ><div class='avia_textblock  '   itemprop=\"text\" ><p>CricTrans ist eine im Jahr 2000 gegr\u00fcndete Gesellschaft, die in West-, Mittel- und Osteuropa vollst\u00e4ndige Transportleistungen im Stra\u00dfen- oder Intermodalverkehr, In &amp; Out-Warenlagerungsl\u00f6sungen, sowie auch integrierte Logistik Dienste anbietet.<\/p>\n<\/div><\/section><br \/>\n<div  class='hr hr-short hr-right   avia-builder-el-23  el_after_av_textblock  el_before_av_button '><span class='hr-inner ' ><span class='hr-inner-style'><\/span><\/span><\/div><br \/>\n<div class='avia-button-wrap avia-button-right  avia-builder-el-24  el_after_av_hr  avia-builder-el-last '><a href='https:\/\/www.crictrans.ro\/de\/uber-uns\/'  class='avia-button   avia-icon_select-yes-left-icon avia-color-theme-color-subtle avia-size-small avia-position-right '   ><span class='avia_button_icon avia_button_icon_left ' aria-hidden='true' data-av_icon='\ue80b' data-av_iconfont='entypo-fontello'><\/span><span class='avia_iconbox_title' >siehe unser Team<\/span><\/a><\/div><\/p><\/div><div class=\"flex_column av_one_half  flex_column_div av-zero-column-padding   avia-builder-el-25  el_after_av_one_half  avia-builder-el-last  \" style='border-radius:0px; '><div class='avia-icon-list-container   avia-builder-el-26  avia-builder-el-no-sibling '><ul class='avia-icon-list avia-icon-list-left av-iconlist-big avia_animate_when_almost_visible avia-iconlist-animate'>\n<li><div  class='iconlist_icon  avia-font-entypo-fontello'><span class='iconlist-char ' aria-hidden='true' data-av_icon='\ue8ad' data-av_iconfont='entypo-fontello'><\/span><\/div><article class=\"article-icon-entry \"  itemscope=\"itemscope\" itemtype=\"https:\/\/schema.org\/CreativeWork\" ><div class='iconlist_content_wrap'><header class=\"entry-content-header\"><h4 class='av_iconlist_title iconlist_title  '  itemprop=\"headline\"  ><a href='https:\/\/www.crictrans.ro\/de\/dienstleistungen\/' title='Vollst\u00e4ndige Transportdienstleistungen'>Vollst\u00e4ndige Transportdienstleistungen<\/a><\/h4><\/header><div class='iconlist_content  '  itemprop=\"text\"  ><p>Unsere eigene LKW-Flotte gew\u00e4hrleistet vollst\u00e4ndige, umgehende und professionelle Transportdienstleistungen in Europa. Transport von Sch\u00fcttgut mit Zertifizierung, Fachwaren, besondere Waren und vieles mehr, mit zertifizierten LKW-s.<\/p>\n<\/div><\/div><footer class=\"entry-footer\"><\/footer><\/article><div class='iconlist-timeline'><\/div><\/li>\n<li><div  class='iconlist_icon  avia-font-entypo-fontello'><span class='iconlist-char ' aria-hidden='true' data-av_icon='\ue90a' data-av_iconfont='entypo-fontello'><\/span><\/div><article class=\"article-icon-entry \"  itemscope=\"itemscope\" itemtype=\"https:\/\/schema.org\/CreativeWork\" ><div class='iconlist_content_wrap'><header class=\"entry-content-header\"><h4 class='av_iconlist_title iconlist_title  '  itemprop=\"headline\"  >St\u00fcck- und Sammelgutdienstleistungen<\/h4><\/header><div class='iconlist_content  '  itemprop=\"text\"  ><p>Nach dem Eingang der Waren in den Lagerraum werden sie getrennt: die Picks gem\u00e4\u00df der Kundenvorgaben, die Packs und das Sammelgut auf den Lieferwagen.<\/p>\n<\/div><\/div><footer class=\"entry-footer\"><\/footer><\/article><div class='iconlist-timeline'><\/div><\/li>\n<li><div  class='iconlist_icon  avia-font-entypo-fontello'><span class='iconlist-char ' aria-hidden='true' data-av_icon='\ue85a' data-av_iconfont='entypo-fontello'><\/span><\/div><article class=\"article-icon-entry \"  itemscope=\"itemscope\" itemtype=\"https:\/\/schema.org\/CreativeWork\" ><div class='iconlist_content_wrap'><header class=\"entry-content-header\"><h4 class='av_iconlist_title iconlist_title  '  itemprop=\"headline\"  ><a href='https:\/\/www.crictrans.ro\/de\/dienstleistungen\/' title='Cross-docking'>Cross-docking<\/a><\/h4><\/header><div class='iconlist_content  '  itemprop=\"text\"  ><p>F\u00fcr den schnellen Vertrieb stellen wir unseren Kunden mit Telematik ausgestattete und mit CMR Versicherung von 1,5 Millionen Euro versicherte Fahrzeuge mit Kapazit\u00e4ten von 100 Kg bis 3,5 Tonnen, zur Verf\u00fcgung.<\/p>\n<\/div><\/div><footer class=\"entry-footer\"><\/footer><\/article><div class='iconlist-timeline'><\/div><\/li>\n<li><div  class='iconlist_icon  avia-font-entypo-fontello'><span class='iconlist-char ' aria-hidden='true' data-av_icon='\ue842' data-av_iconfont='entypo-fontello'><\/span><\/div><article class=\"article-icon-entry \"  itemscope=\"itemscope\" itemtype=\"https:\/\/schema.org\/CreativeWork\" ><div class='iconlist_content_wrap'><header class=\"entry-content-header\"><h4 class='av_iconlist_title iconlist_title  '  itemprop=\"headline\"  ><a href='https:\/\/www.crictrans.ro\/de\/dienstleistungen\/' title='GPS Verfolgung und Ortung '>GPS Verfolgung und Ortung <\/a><\/h4><\/header><div class='iconlist_content  '  itemprop=\"text\"  ><p>Unsere gesamte Flotte ist mit sattelitenbasierter Verfolgung und Lokalisierung ausgestattet, so dass wir in jeglichem Moment alle unsere Transportmittel lokalisieren k\u00f6nnen, womit wir in der Lage sind genaue Angaben bez\u00fcglich der Ortung ihrer Waren zu erteilen und wir mit maximaler Genauigkeit den Tag und den Zeitpunkt der Lieferungen absch\u00e4tzen k\u00f6nnen.<\/p>\n<\/div><\/div><footer class=\"entry-footer\"><\/footer><\/article><div class='iconlist-timeline'><\/div><\/li>\n<\/ul><\/div><\/div>\n\n<\/div><\/div><\/div><!-- close content main div --><\/div><\/div><div id='banner-containere' class='av-layout-grid-container entry-content-wrapper main_color av-flex-cells    avia-builder-el-27  el_after_av_section  el_before_av_section  submenu-not-first container_wrap sidebar_right' style=' '  >\n<div class=\"flex_cell no_margin av_one_full  avia-builder-el-28  avia-builder-el-no-sibling   avia-full-stretch av-zero-padding \" style='height:540px; min-height:540px;background:url(https:\/\/www.crictrans.ro\/wp-content\/uploads\/2019\/02\/home-crictrans-oradea-home.png) center center no-repeat scroll; vertical-align:top; padding:0px; '><div class='flex_cell_inner' ><\/div><\/div>\n<\/div>\n<div id='cerere-oferta' class='avia-section main_color avia-section-huge avia-no-border-styling avia-bg-style-fixed  avia-builder-el-29  el_after_av_layout_row  avia-builder-el-last   container_wrap sidebar_right' style='background-color: #fcfcfc;  '  ><div class='container' ><div class='template-page content  av-content-small alpha units'><div class='post-entry post-entry-type-page post-entry-5222'><div class='entry-content-wrapper clearfix'>\n<div class=\"flex_column av_one_full  av-animated-generic fade-in  flex_column_div av-zero-column-padding first  avia-builder-el-30  avia-builder-el-no-sibling  \" style='border-radius:0px; '><form action=\"https:\/\/www.crictrans.ro\/de\/home\/\" method=\"post\"  class=\"avia_ajax_form av-form-labels-visible   avia-builder-el-31  avia-builder-el-no-sibling   \" data-avia-form-id=\"1\" data-avia-redirect=''><fieldset><h3>Verlange ein Preisangebot <\/h3><p class=' first_form  form_element form_element_half' id='element_avia_1_1'><label for=\"avia_1_1\">Name <abbr class=\"required\" title=\"ben\u00f6tigt\">*<\/abbr><\/label> <input name=\"avia_1_1\" class=\"text_input is_empty\" type=\"text\" id=\"avia_1_1\" value=\"\" \/><\/p><p class=' form_element form_element_half' id='element_avia_2_1'><label for=\"avia_2_1\">Warenbeschreibung <\/label> <input name=\"avia_2_1\" class=\"text_input \" type=\"text\" id=\"avia_2_1\" value=\"\" \/><\/p><p class=' first_form  form_element form_element_half' id='element_avia_3_1'><label for=\"avia_3_1\">Email <abbr class=\"required\" title=\"ben\u00f6tigt\">*<\/abbr><\/label> <input name=\"avia_3_1\" class=\"text_input is_email\" type=\"text\" id=\"avia_3_1\" value=\"\" \/><\/p><p class=' form_element form_element_fourth' id='element_avia_4_1'><label for=\"avia_4_1\">Volumen<\/label> <input name=\"avia_4_1\" class=\"text_input \" type=\"text\" id=\"avia_4_1\" value=\"\" \/><\/p><p class=' form_element form_element_fourth' id='element_avia_5_1'><label for=\"avia_5_1\">Gewicht <\/label> <input name=\"avia_5_1\" class=\"text_input \" type=\"text\" id=\"avia_5_1\" value=\"\" \/><\/p><p class=' first_form  form_element form_element_half' id='element_avia_6_1'><label for=\"avia_6_1\">Telefonnr.<\/label> <input name=\"avia_6_1\" class=\"text_input \" type=\"text\" id=\"avia_6_1\" value=\"\" \/><\/p><p class=' form_element form_element_half' id='element_avia_7_1'><label for=\"avia_7_1\">Eingangsort <\/label> <input name=\"avia_7_1\" class=\"text_input \" type=\"text\" id=\"avia_7_1\" value=\"\" \/><\/p><p class=' first_form  form_element form_element_half' id='element_avia_8_1'><label for=\"avia_8_1\">Empf\u00e4nger<\/label> <input name=\"avia_8_1\" class=\"text_input \" type=\"text\" id=\"avia_8_1\" value=\"\" \/><\/p><p class=' form_element form_element_half' id='element_avia_9_1'><label for=\"avia_9_1\">Entladungsort <\/label> <input name=\"avia_9_1\" class=\"text_input \" type=\"text\" id=\"avia_9_1\" value=\"\" \/><\/p><p class=' first_form  form_element form_fullwidth' id='element_avia_10_1'>\t <label for=\"avia_10_1\" class=\"textare_label hidden textare_label_avia_10_1\">Nachricht <\/label>\t <textarea  name=\"avia_10_1\" class=\"text_area \" cols=\"40\" rows=\"7\" id=\"avia_10_1\" ><\/textarea><\/p><p class=' first_form  form_element form_element_two_third' id='element_avia_11_1'>    <input  name=\"avia_11_1\" class=\"input_checkbox is_empty\" type=\"checkbox\" id=\"avia_11_1\" value=\"true\"\/><label class=\"input_checkbox_label\" for=\"avia_11_1\">Durch Nutzung dieses Formulars sind sie mit der Lagerung und Bearbeitung der von ihnen eingetragenen Angaben, zwecks Bearbeitung ihres Antrages, einverstanden. Des Weiteren haben sie dies zur Kenntnis genommen und sind mit den Nutzungsbedingungen einverstanden. <abbr class=\"required\" title=\"ben\u00f6tigt\">*<\/abbr><\/label><\/p><p class=\"hidden\"><input type=\"text\" name=\"avia_12_1\" class=\"hidden \" id=\"avia_12_1\" value=\"\" \/><\/p><p class='form_element_third' id='element_avia_13_1'>    <span class='value_verifier_label'>6 + 2 = ?<\/span>    <input name=\"avia_13_1_verifier\" type=\"hidden\" id=\"avia_13_1_verifier\" value=\"435666348\"\/><label for=\"avia_13_1\">Bitte l\u00f6se die Gleichung. Diese Ma\u00dfnahme dient der Abwehr von Spam <abbr class=\"required\" title=\"ben\u00f6tigt\">*<\/abbr><\/label>    <input name=\"avia_13_1\" class=\"text_input captcha\" type=\"text\" id=\"avia_13_1\" value=\"\"\/><\/p><p class=\"form_element \"><input type=\"hidden\" value=\"1\" name=\"avia_generated_form1\" \/><input type=\"submit\" value=\"Absenden\" class=\"button\"  data-sending-label=\"Sende\"\/><\/p><\/fieldset><\/form><div id=\"ajaxresponse_1\" class=\"ajaxresponse ajaxresponse_1 hidden\"><\/div><\/div>\n<\/div><\/div><\/div><!-- close content main div --><\/div><\/div><div id='after_section_4' class='main_color av_default_container_wrap container_wrap sidebar_right' style=' '  ><div class='container' ><div class='template-page content  av-content-small alpha units'><div class='post-entry post-entry-type-page post-entry-5222'><div class='entry-content-wrapper clearfix'>\n","protected":false},"excerpt":{"rendered":"","protected":false},"author":1,"featured_media":0,"parent":0,"menu_order":0,"comment_status":"open","ping_status":"closed","template":"","meta":{"footnotes":""},"class_list":["post-5222","page","type-page","status-publish","hentry"],"_links":{"self":[{"href":"https:\/\/www.crictrans.ro\/de\/wp-json\/wp\/v2\/pages\/5222\/"}],"collection":[{"href":"https:\/\/www.crictrans.ro\/de\/wp-json\/wp\/v2\/pages\/"}],"about":[{"href":"https:\/\/www.crictrans.ro\/de\/wp-json\/wp\/v2\/types\/page\/"}],"author":[{"embeddable":true,"href":"https:\/\/www.crictrans.ro\/de\/wp-json\/wp\/v2\/users\/1\/"}],"replies":[{"embeddable":true,"href":"https:\/\/www.crictrans.ro\/de\/wp-json\/wp\/v2\/comments\/?post=5222"}],"version-history":[{"count":6,"href":"https:\/\/www.crictrans.ro\/de\/wp-json\/wp\/v2\/pages\/5222\/revisions\/"}],"predecessor-version":[{"id":5319,"href":"https:\/\/www.crictrans.ro\/de\/wp-json\/wp\/v2\/pages\/5222\/revisions\/5319\/"}],"wp:attachment":[{"href":"https:\/\/www.crictrans.ro\/de\/wp-json\/wp\/v2\/media\/?parent=5222"}],"curies":[{"name":"wp","href":"https:\/\/api.w.org\/{rel}","templated":true}]}}