{"id":4328,"date":"2019-04-02T08:33:41","date_gmt":"2019-04-02T08:33:41","guid":{"rendered":"https:\/\/www.crictrans.ro\/richiesta-di-offerta\/"},"modified":"2019-04-03T10:43:23","modified_gmt":"2019-04-03T10:43:23","slug":"richiesta-di-offerta","status":"publish","type":"page","link":"https:\/\/www.crictrans.ro\/it\/richiesta-di-offerta\/","title":{"rendered":"Richiesta di offerta"},"content":{"rendered":"<div id='av_section_1' class='avia-section main_color avia-section-default avia-no-border-styling avia-bg-style-scroll  avia-builder-el-0  el_before_av_textblock  avia-builder-el-first   av-minimum-height av-minimum-height-custom container_wrap sidebar_right' style='background-repeat: no-repeat; background-image: url(https:\/\/www.crictrans.ro\/wp-content\/uploads\/2019\/02\/cerere-oferta-crictrans-romania-transport-oradea22.png);background-attachment: scroll; background-position: top left;  '  data-section-bg-repeat='no-repeat'><div class='container' style='height:470px'><main  role=\"main\" itemprop=\"mainContentOfPage\"  class='template-page content  av-content-small alpha units'><div class='post-entry post-entry-type-page post-entry-4328'><div class='entry-content-wrapper clearfix'><\/div><\/div><\/main><!-- close content main element --><\/div><\/div><div id='after_section_1' class='main_color av_default_container_wrap container_wrap sidebar_right' style=' '  ><div class='container' ><div class='template-page content  av-content-small alpha units'><div class='post-entry post-entry-type-page post-entry-4328'><div class='entry-content-wrapper clearfix'>\n<section class=\"av_textblock_section \"  itemscope=\"itemscope\" itemtype=\"https:\/\/schema.org\/CreativeWork\" ><div class='avia_textblock  '   itemprop=\"text\" ><h3 style=\"text-align: center;\">Alege serviciile pe care le doresti si completeaza formularul de mai jos pentru a primi, in cel mai scurt timp,<br \/>\noferta cea mai buna de pret!<\/h3>\n<\/div><\/section>\n<\/div><\/div><\/div><!-- close content main div --><\/div><\/div><div id='cerere-oferta' class='avia-section main_color avia-section-huge avia-no-shadow avia-bg-style-fixed  avia-builder-el-2  el_after_av_textblock  el_before_av_section   container_wrap sidebar_right' style='background-color: #fcfcfc;  '  ><div class='container' ><div class='template-page content  av-content-small alpha units'><div class='post-entry post-entry-type-page post-entry-4328'><div class='entry-content-wrapper clearfix'>\n<div class=\"flex_column av_one_full  av-animated-generic fade-in  flex_column_div av-zero-column-padding first  avia-builder-el-3  avia-builder-el-no-sibling  \" style='border-radius:0px; '><form action=\"https:\/\/www.crictrans.ro\/it\/richiesta-di-offerta\/\" method=\"post\"  class=\"avia_ajax_form av-form-labels-visible   avia-builder-el-4  avia-builder-el-no-sibling   \" data-avia-form-id=\"1\" data-avia-redirect=''><fieldset><h3>Chiedi un\u2019offerta di prezzo<\/h3><p class=' first_form  form_element form_element_half' id='element_avia_1_1'><label for=\"avia_1_1\">Nome <abbr class=\"required\" title=\"richiesto\">*<\/abbr><\/label> <input name=\"avia_1_1\" class=\"text_input is_empty\" type=\"text\" id=\"avia_1_1\" value=\"\" \/><\/p><p class=' form_element form_element_half' id='element_avia_2_1'><label for=\"avia_2_1\">Descriezione merce <\/label> <input name=\"avia_2_1\" class=\"text_input \" type=\"text\" id=\"avia_2_1\" value=\"\" \/><\/p><p class=' first_form  form_element form_element_half' id='element_avia_3_1'><label for=\"avia_3_1\">E-Mail <abbr class=\"required\" title=\"richiesto\">*<\/abbr><\/label> <input name=\"avia_3_1\" class=\"text_input is_email\" type=\"text\" id=\"avia_3_1\" value=\"\" \/><\/p><p class=' form_element form_element_fourth' id='element_avia_4_1'><label for=\"avia_4_1\">Volume <\/label> <input name=\"avia_4_1\" class=\"text_input \" type=\"text\" id=\"avia_4_1\" value=\"\" \/><\/p><p class=' form_element form_element_fourth' id='element_avia_5_1'><label for=\"avia_5_1\">Peso <\/label> <input name=\"avia_5_1\" class=\"text_input \" type=\"text\" id=\"avia_5_1\" value=\"\" \/><\/p><p class=' first_form  form_element form_element_half' id='element_avia_6_1'><label for=\"avia_6_1\">No.Telefono <\/label> <input name=\"avia_6_1\" class=\"text_input \" type=\"text\" id=\"avia_6_1\" value=\"\" \/><\/p><p class=' form_element form_element_half' id='element_avia_7_1'><label for=\"avia_7_1\">Localit\u00e0 entrata <\/label> <input name=\"avia_7_1\" class=\"text_input \" type=\"text\" id=\"avia_7_1\" value=\"\" \/><\/p><p class=' first_form  form_element form_element_half' id='element_avia_8_1'><label for=\"avia_8_1\">Destinatario<\/label> <input name=\"avia_8_1\" class=\"text_input \" type=\"text\" id=\"avia_8_1\" value=\"\" \/><\/p><p class=' form_element form_element_half' id='element_avia_9_1'><label for=\"avia_9_1\">Localit\u00e0 Scarica<\/label> <input name=\"avia_9_1\" class=\"text_input \" type=\"text\" id=\"avia_9_1\" value=\"\" \/><\/p><p class=' first_form  form_element form_fullwidth' id='element_avia_10_1'>\t <label for=\"avia_10_1\" class=\"textare_label hidden textare_label_avia_10_1\">Messaggio<\/label>\t <textarea  name=\"avia_10_1\" class=\"text_area \" cols=\"40\" rows=\"7\" id=\"avia_10_1\" ><\/textarea><\/p><p class=' first_form  form_element form_element_two_third' id='element_avia_11_1'>    <input  name=\"avia_11_1\" class=\"input_checkbox is_empty\" type=\"checkbox\" id=\"avia_11_1\" value=\"true\"\/><label class=\"input_checkbox_label\" for=\"avia_11_1\">Utilizzando questo modulo, accetti la memorizzazione e l\u2019elaborazione dei dati inseriti allo scopo di elaborare la tua richiesta. Accetti inoltre di confermare e accettare i termini e le condizioni di utilizzo * <abbr class=\"required\" title=\"richiesto\">*<\/abbr><\/label><\/p><p class=\"hidden\"><input type=\"text\" name=\"avia_12_1\" class=\"hidden \" id=\"avia_12_1\" value=\"\" \/><\/p><p class='form_element_third' id='element_avia_13_1'>    <span class='value_verifier_label'>6 + 0 = ?<\/span>    <input name=\"avia_13_1_verifier\" type=\"hidden\" id=\"avia_13_1_verifier\" value=\"545867724\"\/><label for=\"avia_13_1\">Si prega di risolvere la semplice equazione <abbr class=\"required\" title=\"richiesto\">*<\/abbr><\/label>    <input name=\"avia_13_1\" class=\"text_input captcha\" type=\"text\" id=\"avia_13_1\" value=\"\"\/><\/p><p class=\"form_element \"><input type=\"hidden\" value=\"1\" name=\"avia_generated_form1\" \/><input type=\"submit\" value=\" Inviare\" class=\"button\"  data-sending-label=\"Invio\"\/><\/p><\/fieldset><\/form><div id=\"ajaxresponse_1\" class=\"ajaxresponse ajaxresponse_1 hidden\"><\/div><\/div>\n\n<\/div><\/div><\/div><!-- close content main div --><\/div><\/div><div id='av_section_3' class='avia-section main_color avia-section-default avia-no-border-styling avia-bg-style-scroll  avia-builder-el-5  el_after_av_section  el_before_av_section   container_wrap sidebar_right' style='background-color: #ffffff;  '  ><div class='container' ><div class='template-page content  av-content-small alpha units'><div class='post-entry post-entry-type-page post-entry-4328'><div class='entry-content-wrapper clearfix'>\n<div class=\"flex_column av_one_third  flex_column_div av-zero-column-padding first  avia-builder-el-6  el_before_av_one_third  avia-builder-el-first  \" style='border-radius:0px; '><p><div class='avia-image-container  av-styling-no-styling    avia-builder-el-7  el_before_av_textblock  avia-builder-el-first  avia-align-center '  itemprop=\"ImageObject\" itemscope=\"itemscope\" itemtype=\"https:\/\/schema.org\/ImageObject\"  ><div class='avia-image-container-inner'><div class='avia-image-overlay-wrap'><a href='https:\/\/www.crictrans.ro\/it\/servizi\/' class='avia_image'  ><img class='avia_image ' src='https:\/\/www.crictrans.ro\/wp-content\/uploads\/2018\/10\/shutterstock_301750778-495x400.jpg' alt='' title='CricTrans Gallery'  itemprop=\"thumbnailUrl\"  \/><\/a><\/div><\/div><\/div><br \/>\n<section class=\"av_textblock_section \"  itemscope=\"itemscope\" itemtype=\"https:\/\/schema.org\/CreativeWork\" ><div class='avia_textblock  '   itemprop=\"text\" ><h4><strong>Trasporti completi con CricTrans <\/strong><\/h4>\n<p>La nostra flotta, di dimensioni superiori alla media, offre servizi di trasporto rapidi e professionali in Europa. Cric Trans offre servizi di trasporto specializzati sulla rotta Romania-Italia.<\/p>\n<\/div><\/section><\/p><\/div><div class=\"flex_column av_one_third  flex_column_div av-zero-column-padding   avia-builder-el-9  el_after_av_one_third  el_before_av_one_third  \" style='border-radius:0px; '><p><div class='avia-image-container  av-styling-no-styling    avia-builder-el-10  el_before_av_textblock  avia-builder-el-first  avia-align-center '  itemprop=\"ImageObject\" itemscope=\"itemscope\" itemtype=\"https:\/\/schema.org\/ImageObject\"  ><div class='avia-image-container-inner'><div class='avia-image-overlay-wrap'><a href='https:\/\/www.crictrans.ro\/it\/servizi\/' class='avia_image'  ><img class='avia_image ' src='https:\/\/www.crictrans.ro\/wp-content\/uploads\/2018\/10\/shutterstock_1043239300-495x400.jpg' alt='' title='CricTrans Gallery'  itemprop=\"thumbnailUrl\"  \/><\/a><\/div><\/div><\/div><br \/>\n<section class=\"av_textblock_section \"  itemscope=\"itemscope\" itemtype=\"https:\/\/schema.org\/CreativeWork\" ><div class='avia_textblock  '   itemprop=\"text\" ><h4><strong>Servizi di raggruppamento e separazione merci<\/strong><\/h4>\n<p>Dopo che le merci sono entrate nel magazzino, vengono separate: il picking in base alle specifiche del cliente, il packing e il raggruppamento sui camion di consegna.<\/p>\n<\/div><\/section><\/p><\/div><div class=\"flex_column av_one_third  flex_column_div av-zero-column-padding   avia-builder-el-12  el_after_av_one_third  avia-builder-el-last  \" style='border-radius:0px; '><p><div class='avia-image-container  av-styling-no-styling    avia-builder-el-13  el_before_av_textblock  avia-builder-el-first  avia-align-center '  itemprop=\"ImageObject\" itemscope=\"itemscope\" itemtype=\"https:\/\/schema.org\/ImageObject\"  ><div class='avia-image-container-inner'><div class='avia-image-overlay-wrap'><a href='https:\/\/www.crictrans.ro\/it\/servizi\/' class='avia_image'  ><img class='avia_image ' src='https:\/\/www.crictrans.ro\/wp-content\/uploads\/2018\/10\/shutterstock_417640612-495x400.jpg' alt='' title='CricTrans Gallery'  itemprop=\"thumbnailUrl\"  \/><\/a><\/div><\/div><\/div><br \/>\n<section class=\"av_textblock_section \"  itemscope=\"itemscope\" itemtype=\"https:\/\/schema.org\/CreativeWork\" ><div class='avia_textblock  '   itemprop=\"text\" ><h4><strong>Cross-docking<\/strong><\/h4>\n<p>La nostra capacit\u00e0 di fornire servizi di cross-docking ai clienti li porta a un notevole risparmio nei costi di magazzino, abbrevia i tempi di consegna e minimizza i rischi.<\/p>\n<\/div><\/section><\/p><\/div><\/div><\/div><\/div><!-- close content main div --><\/div><\/div><div id='av_section_4' class='avia-section main_color avia-section-large avia-no-border-styling avia-bg-style-scroll  avia-builder-el-15  el_after_av_section  avia-builder-el-last   container_wrap sidebar_right' style='background-color: #f8f8f8;  '  ><div class='container' ><div class='template-page content  av-content-small alpha units'><div class='post-entry post-entry-type-page post-entry-4328'><div class='entry-content-wrapper clearfix'>\n<div style='padding-bottom:0px; font-size:40px;' class='av-special-heading av-special-heading-h2  blockquote modern-quote modern-centered  avia-builder-el-16  el_before_av_hr  avia-builder-el-first   av-inherit-size '><h2 class='av-special-heading-tag '  itemprop=\"headline\"  >Le opinioni dei nostri clienti<\/h2><div class='special-heading-border'><div class='special-heading-inner-border' ><\/div><\/div><\/div>\n<div  class='hr hr-short hr-center   avia-builder-el-17  el_after_av_heading  el_before_av_testimonials '><span class='hr-inner ' ><span class='hr-inner-style'><\/span><\/span><\/div>\n<div  data-autoplay='1'  data-interval='5'  data-animation='fade'  data-hoverpause='1'  class='avia-testimonial-wrapper avia-grid-testimonials avia-grid-2-testimonials avia_animate_when_almost_visible  av-minimal-grid-style av-boxed-grid-style '>\n<section class ='avia-testimonial-row'><div class='avia-testimonial av_one_half flex_column no_margin avia-testimonial-row-1 avia-first-testimonial'  itemscope=\"itemscope\" itemtype=\"https:\/\/schema.org\/Person\" ><div class='avia-testimonial_inner'><div class='avia-testimonial-content '    itemscope=\"itemscope\" itemtype=\"https:\/\/schema.org\/CreativeWork\" ><p>Crictrans \u00e8 il nostro partner di fiducia! \u00c8 una societ\u00e0 preziosa con la quale abbiamo stipulato molti contratti e abbiamo trasportato in modo sicuro le merci dei nostri clienti.<\/p>\n<\/div><div class='avia-testimonial-meta'><div class='avia-testimonial-arrow-wrap'><div class='avia-arrow'><\/div><\/div><div class='avia-testimonial-image'  itemprop=\"image\"  style='background-image:url(https:\/\/www.crictrans.ro\/wp-content\/uploads\/2019\/02\/Ferest-Logistics-Crictrans-Partener-Romania-180x180.jpg);'><\/div><div class='avia-testimonial-meta-mini'><strong  class='avia-testimonial-name'    itemprop=\"name\" >Michele Simonini<\/strong><span  class='avia-testimonial-subtitle '    itemprop=\"jobTitle\" >CEO<\/span><span class='hidden avia-testimonial-markup-link'   itemprop=\"url\" >http:\/\/www.ferestlog.it\/en\/<\/span> &ndash; <a class='aviablank avia-testimonial-link' href='http:\/\/www.ferestlog.it\/en\/' >Ferest Logistics<\/a><\/div><\/div><\/div><\/div>\n<div class='avia-testimonial av_one_half flex_column no_margin avia-testimonial-row-1 avia-last-testimonial'  itemscope=\"itemscope\" itemtype=\"https:\/\/schema.org\/Person\" ><div class='avia-testimonial_inner'><div class='avia-testimonial-content '    itemscope=\"itemscope\" itemtype=\"https:\/\/schema.org\/CreativeWork\" ><p>Crictrans intelege perfect nevoile companiei noastre in materie de transporturi. Sunt partenerii nostri alaturi de care livram in singuranta si cu rapiditate. Cristian Erdei este un foarte bun partener de business! Ne bucuram ca am gasit in Romania o companie de transport foarte buna.<\/p>\n<\/div><div class='avia-testimonial-meta'><div class='avia-testimonial-arrow-wrap'><div class='avia-arrow'><\/div><\/div><div class='avia-testimonial-image'  itemprop=\"image\"  style='background-image:url(https:\/\/www.crictrans.ro\/wp-content\/uploads\/2019\/02\/Jerceg-Crictrans-Partener-Romania-180x180.jpg);'><\/div><div class='avia-testimonial-meta-mini'><strong  class='avia-testimonial-name'    itemprop=\"name\" >Adriano Jerceg <\/strong><span  class='avia-testimonial-subtitle '    itemprop=\"jobTitle\" >CEO<\/span><span class='hidden avia-testimonial-markup-link'   itemprop=\"url\" >http:\/\/www.jerceg.com\/en\/<\/span> &ndash; <a class='aviablank avia-testimonial-link' href='http:\/\/www.jerceg.com\/en\/' >Jerceg<\/a><\/div><\/div><\/div><\/div><\/section>\n<section class ='avia-testimonial-row'><div class='avia-testimonial av_one_half flex_column no_margin avia-testimonial-row-2 avia-first-testimonial'  itemscope=\"itemscope\" itemtype=\"https:\/\/schema.org\/Person\" ><div class='avia-testimonial_inner'><div class='avia-testimonial-content '    itemscope=\"itemscope\" itemtype=\"https:\/\/schema.org\/CreativeWork\" ><p>Normele germane de calitate si seriozitate sunt standarde de la care pornim in alegerea unui partener pentru transporturile noastre. Crictrans este ca un ceas elvetian din acest punct de vedere.<\/p>\n<\/div><div class='avia-testimonial-meta'><div class='avia-testimonial-arrow-wrap'><div class='avia-arrow'><\/div><\/div><div class='avia-testimonial-image'  itemprop=\"image\"  style='background-image:url(https:\/\/www.crictrans.ro\/wp-content\/uploads\/2019\/02\/Almos-Crictrans-Partener-Romania-180x180.jpg);'><\/div><div class='avia-testimonial-meta-mini'><strong  class='avia-testimonial-name'    itemprop=\"name\" >Ioan Riscou<\/strong><span  class='avia-testimonial-subtitle '    itemprop=\"jobTitle\" >Sales Manager<\/span><span class='hidden avia-testimonial-markup-link'   itemprop=\"url\" >https:\/\/www.almos.com\/<\/span> &ndash; <a class='aviablank avia-testimonial-link' href='https:\/\/www.almos.com\/' >Almos<\/a><\/div><\/div><\/div><\/div>\n<div class='avia-testimonial av_one_half flex_column no_margin avia-testimonial-row-2 avia-last-testimonial'  itemscope=\"itemscope\" itemtype=\"https:\/\/schema.org\/Person\" ><div class='avia-testimonial_inner'><div class='avia-testimonial-content '    itemscope=\"itemscope\" itemtype=\"https:\/\/schema.org\/CreativeWork\" ><p>Romstal are o retea de magazine foarte extinsa. Avem nevoie de parteneri cu care sa asiguram logistica rapida si performanta pentru produsele noastre. Crictrans este un partener cu care reusim sa ne atingem obiectivele logistice.<\/p>\n<\/div><div class='avia-testimonial-meta'><div class='avia-testimonial-arrow-wrap'><div class='avia-arrow'><\/div><\/div><div class='avia-testimonial-image'  itemprop=\"image\"  style='background-image:url(https:\/\/www.crictrans.ro\/wp-content\/uploads\/2019\/02\/Romstal-transporturi-Crictrans-Partener-Romania-180x180.jpg);'><\/div><div class='avia-testimonial-meta-mini'><span class='hidden avia-testimonial-markup-link'   itemprop=\"url\" >https:\/\/www.romstal.ro\/<\/span><a class='aviablank avia-testimonial-link' href='https:\/\/www.romstal.ro\/' >Romstal<\/a><\/div><\/div><\/div><\/div><\/section>\n<\/div>\n<\/div><\/div><\/div><!-- close content main div --><\/div><\/div><div id='after_section_4' class='main_color av_default_container_wrap container_wrap sidebar_right' style=' '  ><div class='container' ><div class='template-page content  av-content-small alpha units'><div class='post-entry post-entry-type-page post-entry-4328'><div class='entry-content-wrapper clearfix'><\/p>\n","protected":false},"excerpt":{"rendered":"","protected":false},"author":1,"featured_media":0,"parent":0,"menu_order":0,"comment_status":"closed","ping_status":"closed","template":"","meta":{"footnotes":""},"class_list":["post-4328","page","type-page","status-publish","hentry"],"_links":{"self":[{"href":"https:\/\/www.crictrans.ro\/it\/wp-json\/wp\/v2\/pages\/4328\/"}],"collection":[{"href":"https:\/\/www.crictrans.ro\/it\/wp-json\/wp\/v2\/pages\/"}],"about":[{"href":"https:\/\/www.crictrans.ro\/it\/wp-json\/wp\/v2\/types\/page\/"}],"author":[{"embeddable":true,"href":"https:\/\/www.crictrans.ro\/it\/wp-json\/wp\/v2\/users\/1\/"}],"replies":[{"embeddable":true,"href":"https:\/\/www.crictrans.ro\/it\/wp-json\/wp\/v2\/comments\/?post=4328"}],"version-history":[{"count":13,"href":"https:\/\/www.crictrans.ro\/it\/wp-json\/wp\/v2\/pages\/4328\/revisions\/"}],"predecessor-version":[{"id":4643,"href":"https:\/\/www.crictrans.ro\/it\/wp-json\/wp\/v2\/pages\/4328\/revisions\/4643\/"}],"wp:attachment":[{"href":"https:\/\/www.crictrans.ro\/it\/wp-json\/wp\/v2\/media\/?parent=4328"}],"curies":[{"name":"wp","href":"https:\/\/api.w.org\/{rel}","templated":true}]}}